{"id":925,"date":"2023-05-15T06:34:52","date_gmt":"2023-05-15T04:34:52","guid":{"rendered":"https:\/\/www.thegasmixer.com\/a-propos-de-nous\/"},"modified":"2024-06-05T09:59:08","modified_gmt":"2024-06-05T07:59:08","slug":"a-propos-de-nous","status":"publish","type":"page","link":"https:\/\/www.thegasmixer.com\/fr\/a-propos-de-nous\/","title":{"rendered":"\u00c0 propos de nous"},"content":{"rendered":"\t\t<div data-elementor-type=\"wp-page\" data-elementor-id=\"925\" class=\"elementor elementor-925 elementor-18\" data-elementor-post-type=\"page\">\n\t\t\t\t\t\t<section class=\"elementor-section elementor-top-section elementor-element elementor-element-8c30c82 elementor-section-stretched elementor-section-full_width elementor-section-height-default elementor-section-height-default\" data-id=\"8c30c82\" data-element_type=\"section\" data-e-type=\"section\" data-settings=\"{&quot;stretch_section&quot;:&quot;section-stretched&quot;}\">\n\t\t\t\t\t\t<div class=\"elementor-container elementor-column-gap-default\">\n\t\t\t\t\t<div class=\"elementor-column elementor-col-100 elementor-top-column elementor-element elementor-element-51e9fd7\" data-id=\"51e9fd7\" data-element_type=\"column\" data-e-type=\"column\">\n\t\t\t<div class=\"elementor-widget-wrap elementor-element-populated\">\n\t\t\t\t\t\t<div class=\"elementor-element elementor-element-85ea18b elementor--h-position-center elementor--v-position-middle elementor-arrows-position-inside elementor-pagination-position-inside elementor-widget elementor-widget-slides\" data-id=\"85ea18b\" data-element_type=\"widget\" data-e-type=\"widget\" data-settings=\"{&quot;transition&quot;:&quot;fade&quot;,&quot;transition_speed&quot;:1000,&quot;navigation&quot;:&quot;both&quot;,&quot;autoplay&quot;:&quot;yes&quot;,&quot;pause_on_hover&quot;:&quot;yes&quot;,&quot;pause_on_interaction&quot;:&quot;yes&quot;,&quot;autoplay_speed&quot;:5000,&quot;infinite&quot;:&quot;yes&quot;}\" data-widget_type=\"slides.default\">\n\t\t\t\t<div class=\"elementor-widget-container\">\n\t\t\t\t\t\t\t\t\t<div class=\"elementor-swiper\">\n\t\t\t\t\t<div class=\"elementor-slides-wrapper elementor-main-swiper swiper\" role=\"region\" aria-roledescription=\"carousel\" aria-label=\"Diapositives\" dir=\"ltr\" data-animation=\"fadeInUp\">\n\t\t\t\t<div class=\"swiper-wrapper elementor-slides\">\n\t\t\t\t\t\t\t\t\t\t<div class=\"elementor-repeater-item-9b788fc swiper-slide\" role=\"group\" aria-roledescription=\"slide\"><div class=\"swiper-slide-bg\" role=\"img\" aria-label=\"gmixe3\"><\/div><div class=\"swiper-slide-inner\" ><div class=\"swiper-slide-contents\"><\/div><\/div><\/div>\t\t\t\t<\/div>\n\t\t\t\t\t\t\t<\/div>\n\t\t\t\t<\/div>\n\t\t\t\t\t\t\t\t<\/div>\n\t\t\t\t<\/div>\n\t\t\t\t\t<\/div>\n\t\t<\/div>\n\t\t\t\t\t<\/div>\n\t\t<\/section>\n\t\t\t\t<section class=\"elementor-section elementor-top-section elementor-element elementor-element-e9f3096 elementor-section-full_width elementor-section-height-default elementor-section-height-default\" data-id=\"e9f3096\" data-element_type=\"section\" data-e-type=\"section\">\n\t\t\t\t\t\t<div class=\"elementor-container elementor-column-gap-default\">\n\t\t\t\t\t<div class=\"elementor-column elementor-col-100 elementor-top-column elementor-element elementor-element-4137808\" data-id=\"4137808\" data-element_type=\"column\" data-e-type=\"column\">\n\t\t\t<div class=\"elementor-widget-wrap elementor-element-populated\">\n\t\t\t\t\t\t<section class=\"elementor-section elementor-inner-section elementor-element elementor-element-3499782 elementor-section-boxed elementor-section-height-default elementor-section-height-default\" data-id=\"3499782\" data-element_type=\"section\" data-e-type=\"section\" data-settings=\"{&quot;background_background&quot;:&quot;classic&quot;}\">\n\t\t\t\t\t\t<div class=\"elementor-container elementor-column-gap-default\">\n\t\t\t\t\t<div class=\"elementor-column elementor-col-100 elementor-inner-column elementor-element elementor-element-91d0df2\" data-id=\"91d0df2\" data-element_type=\"column\" data-e-type=\"column\">\n\t\t\t<div class=\"elementor-widget-wrap elementor-element-populated\">\n\t\t\t\t\t\t<div class=\"elementor-element elementor-element-010f054 elementor-widget elementor-widget-heading\" data-id=\"010f054\" data-element_type=\"widget\" data-e-type=\"widget\" data-widget_type=\"heading.default\">\n\t\t\t\t<div class=\"elementor-widget-container\">\n\t\t\t\t\t<h3 class=\"elementor-heading-title elementor-size-default\">\u00c0 propos de Gometrics<\/h3>\t\t\t\t<\/div>\n\t\t\t\t<\/div>\n\t\t\t\t\t<\/div>\n\t\t<\/div>\n\t\t\t\t\t<\/div>\n\t\t<\/section>\n\t\t\t\t\t<\/div>\n\t\t<\/div>\n\t\t\t\t\t<\/div>\n\t\t<\/section>\n\t\t\t\t<section class=\"elementor-section elementor-top-section elementor-element elementor-element-55f620b elementor-section-full_width elementor-section-height-default elementor-section-height-default\" data-id=\"55f620b\" data-element_type=\"section\" data-e-type=\"section\">\n\t\t\t\t\t\t<div class=\"elementor-container elementor-column-gap-default\">\n\t\t\t\t\t<div class=\"elementor-column elementor-col-100 elementor-top-column elementor-element elementor-element-12857b9\" data-id=\"12857b9\" data-element_type=\"column\" data-e-type=\"column\" data-settings=\"{&quot;background_background&quot;:&quot;classic&quot;}\">\n\t\t\t<div class=\"elementor-widget-wrap elementor-element-populated\">\n\t\t\t\t\t\t<div class=\"elementor-element elementor-element-84ad87a elementor-widget elementor-widget-text-editor\" data-id=\"84ad87a\" data-element_type=\"widget\" data-e-type=\"widget\" data-widget_type=\"text-editor.default\">\n\t\t\t\t<div class=\"elementor-widget-container\">\n\t\t\t\t\t\t\t\t\t<p><a href=\"https:\/\/www.gometrics.net\"><br \/><strong><br \/><span class=\"texto_negrita\">Gometrics<\/span><\/strong><\/a>\u00a0est une entreprise sp\u00e9cialis\u00e9e dans l&#8217;\u00e9talonnage des instruments de mesure. Nous fournissons des solutions professionnelles d&#8217;instrumentation et d&#8217;\u00e9talonnage qui r\u00e9pondent aux exigences techniques et de qualit\u00e9 les plus \u00e9lev\u00e9es.<\/p><p>Notre \u00e9quipe d&#8217;ing\u00e9nieurs et de techniciens fournit\u00a0<span class=\"texto_negrita\"><b>des solutions mat\u00e9rielles et logicielles\u00a0<\/b><\/span>pour une large gamme d&#8217;applications de mesure et de contr\u00f4le.\u00a0<\/p><p>Nous nous concentrons sur les march\u00e9s suivants :<\/p><ul type=\"disc\"><li>\u00c9nergie<\/li><li>P\u00e9trole et gaz<\/li><li>Chimie<\/li><li>Industrie pharmaceutique<\/li><li>A\u00e9ronautique<\/li><li>Alimentation et boissons<\/li><li>Automobile<\/li><\/ul><p>\u00a0<\/p><p>Nos produits et services vont de la fourniture de manom\u00e8tres ou de calibrateurs portables \u00e0 la livraison cl\u00e9 en main de panneaux d&#8217;\u00e9talonnage int\u00e9gr\u00e9 \u00e0 une vari\u00e9t\u00e9 d&#8217;instruments.<\/p><p>Nous sommes experts dans la fourniture d&#8217;instruments, de calibrateurs, de bancs d&#8217;\u00e9talonnage, de syst\u00e8mes et de logiciels pour les applications de mesure, de r\u00e9gulation et de contr\u00f4le. Ces syst\u00e8mes sont essentiels pour contr\u00f4ler les transmetteurs industriels ainsi que la pression, la temp\u00e9rature, les signaux \u00e9lectriques ou les lignes de traitement des flux.<br \/>Des syst\u00e8mes d&#8217;\u00e9talonnage personnalis\u00e9s peuvent \u00eatre fournis pour une utilisation en atelier (bancs) ou pour des applications sur le terrain (syst\u00e8mes portables et mobiles).<\/p><p><b>Gometrics<\/b> dispose d&#8217;une \u00e9quipe sp\u00e9cialis\u00e9e dans les services d&#8217;\u00e9talonnage sur site. Gr\u00e2ce \u00e0 notre exp\u00e9rience, nous pouvons fournir des services de conseil et de formation sp\u00e9cialis\u00e9e en instrumentation et en m\u00e9trologie pour les d\u00e9partements d&#8217;<b>instrumentation, d&#8217;\u00e9talonnage<\/b>, de <b>validation<\/b> et de <b>qualit\u00e9<\/b> dans les usines et les laboratoires.<\/p>\t\t\t\t\t\t\t\t<\/div>\n\t\t\t\t<\/div>\n\t\t\t\t\t<\/div>\n\t\t<\/div>\n\t\t\t\t\t<\/div>\n\t\t<\/section>\n\t\t\t\t<\/div>\n\t\t","protected":false},"excerpt":{"rendered":"<p>\u00c0 propos de Gometrics Gometrics\u00a0est une entreprise sp\u00e9cialis\u00e9e dans l&#8217;\u00e9talonnage des instruments de mesure. Nous fournissons des solutions professionnelles d&#8217;instrumentation et d&#8217;\u00e9talonnage qui r\u00e9pondent aux exigences techniques et de qualit\u00e9 les plus \u00e9lev\u00e9es. Notre \u00e9quipe d&#8217;ing\u00e9nieurs et de techniciens fournit\u00a0des solutions mat\u00e9rielles et logicielles\u00a0pour une large gamme d&#8217;applications de mesure et de contr\u00f4le.\u00a0 Nous nous [&hellip;]<\/p>\n","protected":false},"author":1,"featured_media":0,"parent":0,"menu_order":0,"comment_status":"closed","ping_status":"closed","template":"elementor_header_footer","meta":{"footnotes":""},"class_list":["post-925","page","type-page","status-publish","hentry"],"yoast_head":"<!-- This site is optimized with the Yoast SEO plugin v27.5 - https:\/\/yoast.com\/product\/yoast-seo-wordpress\/ -->\n<title>\u00c0 propos de nous - The Gas Mixer<\/title>\n<meta name=\"description\" content=\"Gometrics est une entreprise sp\u00e9cialis\u00e9e dans l&#039;instrumentation et l&#039;\u00e9talonnage de variables de process dans l&#039;industrie\" \/>\n<meta name=\"robots\" content=\"index, follow, max-snippet:-1, max-image-preview:large, max-video-preview:-1\" \/>\n<link rel=\"canonical\" href=\"https:\/\/www.thegasmixer.com\/fr\/a-propos-de-nous\/\" \/>\n<meta property=\"og:locale\" content=\"fr_FR\" \/>\n<meta property=\"og:type\" content=\"article\" \/>\n<meta property=\"og:title\" content=\"\u00c0 propos de nous - The Gas Mixer\" \/>\n<meta property=\"og:description\" content=\"Gometrics est une entreprise sp\u00e9cialis\u00e9e dans l&#039;instrumentation et l&#039;\u00e9talonnage de variables de process dans l&#039;industrie\" \/>\n<meta property=\"og:url\" content=\"https:\/\/www.thegasmixer.com\/fr\/a-propos-de-nous\/\" \/>\n<meta property=\"og:site_name\" content=\"The Gas Mixer\" \/>\n<meta property=\"article:modified_time\" content=\"2024-06-05T07:59:08+00:00\" \/>\n<meta name=\"twitter:card\" content=\"summary_large_image\" \/>\n<meta name=\"twitter:label1\" content=\"Dur\u00e9e de lecture estim\u00e9e\" \/>\n\t<meta name=\"twitter:data1\" content=\"2 minutes\" \/>\n<script type=\"application\/ld+json\" class=\"yoast-schema-graph\">{\"@context\":\"https:\\\/\\\/schema.org\",\"@graph\":[{\"@type\":\"WebPage\",\"@id\":\"https:\\\/\\\/www.thegasmixer.com\\\/fr\\\/a-propos-de-nous\\\/\",\"url\":\"https:\\\/\\\/www.thegasmixer.com\\\/fr\\\/a-propos-de-nous\\\/\",\"name\":\"\u00c0 propos de nous - The Gas Mixer\",\"isPartOf\":{\"@id\":\"https:\\\/\\\/www.thegasmixer.com\\\/fr\\\/#website\"},\"datePublished\":\"2023-05-15T04:34:52+00:00\",\"dateModified\":\"2024-06-05T07:59:08+00:00\",\"description\":\"Gometrics est une entreprise sp\u00e9cialis\u00e9e dans l'instrumentation et l'\u00e9talonnage de variables de process dans l'industrie\",\"breadcrumb\":{\"@id\":\"https:\\\/\\\/www.thegasmixer.com\\\/fr\\\/a-propos-de-nous\\\/#breadcrumb\"},\"inLanguage\":\"fr-FR\",\"potentialAction\":[{\"@type\":\"ReadAction\",\"target\":[\"https:\\\/\\\/www.thegasmixer.com\\\/fr\\\/a-propos-de-nous\\\/\"]}]},{\"@type\":\"BreadcrumbList\",\"@id\":\"https:\\\/\\\/www.thegasmixer.com\\\/fr\\\/a-propos-de-nous\\\/#breadcrumb\",\"itemListElement\":[{\"@type\":\"ListItem\",\"position\":1,\"name\":\"Home\",\"item\":\"https:\\\/\\\/www.thegasmixer.com\\\/fr\\\/\"},{\"@type\":\"ListItem\",\"position\":2,\"name\":\"\u00c0 propos de nous\"}]},{\"@type\":\"WebSite\",\"@id\":\"https:\\\/\\\/www.thegasmixer.com\\\/fr\\\/#website\",\"url\":\"https:\\\/\\\/www.thegasmixer.com\\\/fr\\\/\",\"name\":\"The Gas Mixer\",\"description\":\"\",\"potentialAction\":[{\"@type\":\"SearchAction\",\"target\":{\"@type\":\"EntryPoint\",\"urlTemplate\":\"https:\\\/\\\/www.thegasmixer.com\\\/fr\\\/?s={search_term_string}\"},\"query-input\":{\"@type\":\"PropertyValueSpecification\",\"valueRequired\":true,\"valueName\":\"search_term_string\"}}],\"inLanguage\":\"fr-FR\"}]}<\/script>\n<!-- \/ Yoast SEO plugin. -->","yoast_head_json":{"title":"\u00c0 propos de nous - The Gas Mixer","description":"Gometrics est une entreprise sp\u00e9cialis\u00e9e dans l'instrumentation et l'\u00e9talonnage de variables de process dans l'industrie","robots":{"index":"index","follow":"follow","max-snippet":"max-snippet:-1","max-image-preview":"max-image-preview:large","max-video-preview":"max-video-preview:-1"},"canonical":"https:\/\/www.thegasmixer.com\/fr\/a-propos-de-nous\/","og_locale":"fr_FR","og_type":"article","og_title":"\u00c0 propos de nous - The Gas Mixer","og_description":"Gometrics est une entreprise sp\u00e9cialis\u00e9e dans l'instrumentation et l'\u00e9talonnage de variables de process dans l'industrie","og_url":"https:\/\/www.thegasmixer.com\/fr\/a-propos-de-nous\/","og_site_name":"The Gas Mixer","article_modified_time":"2024-06-05T07:59:08+00:00","twitter_card":"summary_large_image","twitter_misc":{"Dur\u00e9e de lecture estim\u00e9e":"2 minutes"},"schema":{"@context":"https:\/\/schema.org","@graph":[{"@type":"WebPage","@id":"https:\/\/www.thegasmixer.com\/fr\/a-propos-de-nous\/","url":"https:\/\/www.thegasmixer.com\/fr\/a-propos-de-nous\/","name":"\u00c0 propos de nous - The Gas Mixer","isPartOf":{"@id":"https:\/\/www.thegasmixer.com\/fr\/#website"},"datePublished":"2023-05-15T04:34:52+00:00","dateModified":"2024-06-05T07:59:08+00:00","description":"Gometrics est une entreprise sp\u00e9cialis\u00e9e dans l'instrumentation et l'\u00e9talonnage de variables de process dans l'industrie","breadcrumb":{"@id":"https:\/\/www.thegasmixer.com\/fr\/a-propos-de-nous\/#breadcrumb"},"inLanguage":"fr-FR","potentialAction":[{"@type":"ReadAction","target":["https:\/\/www.thegasmixer.com\/fr\/a-propos-de-nous\/"]}]},{"@type":"BreadcrumbList","@id":"https:\/\/www.thegasmixer.com\/fr\/a-propos-de-nous\/#breadcrumb","itemListElement":[{"@type":"ListItem","position":1,"name":"Home","item":"https:\/\/www.thegasmixer.com\/fr\/"},{"@type":"ListItem","position":2,"name":"\u00c0 propos de nous"}]},{"@type":"WebSite","@id":"https:\/\/www.thegasmixer.com\/fr\/#website","url":"https:\/\/www.thegasmixer.com\/fr\/","name":"The Gas Mixer","description":"","potentialAction":[{"@type":"SearchAction","target":{"@type":"EntryPoint","urlTemplate":"https:\/\/www.thegasmixer.com\/fr\/?s={search_term_string}"},"query-input":{"@type":"PropertyValueSpecification","valueRequired":true,"valueName":"search_term_string"}}],"inLanguage":"fr-FR"}]}},"_links":{"self":[{"href":"https:\/\/www.thegasmixer.com\/fr\/wp-json\/wp\/v2\/pages\/925","targetHints":{"allow":["GET"]}}],"collection":[{"href":"https:\/\/www.thegasmixer.com\/fr\/wp-json\/wp\/v2\/pages"}],"about":[{"href":"https:\/\/www.thegasmixer.com\/fr\/wp-json\/wp\/v2\/types\/page"}],"author":[{"embeddable":true,"href":"https:\/\/www.thegasmixer.com\/fr\/wp-json\/wp\/v2\/users\/1"}],"replies":[{"embeddable":true,"href":"https:\/\/www.thegasmixer.com\/fr\/wp-json\/wp\/v2\/comments?post=925"}],"version-history":[{"count":0,"href":"https:\/\/www.thegasmixer.com\/fr\/wp-json\/wp\/v2\/pages\/925\/revisions"}],"wp:attachment":[{"href":"https:\/\/www.thegasmixer.com\/fr\/wp-json\/wp\/v2\/media?parent=925"}],"curies":[{"name":"wp","href":"https:\/\/api.w.org\/{rel}","templated":true}]}}