{"id":908,"date":"2023-05-15T06:33:16","date_gmt":"2023-05-15T04:33:16","guid":{"rendered":"https:\/\/www.thegasmixer.com\/accueil\/"},"modified":"2026-02-21T13:58:50","modified_gmt":"2026-02-21T12:58:50","slug":"accueil","status":"publish","type":"page","link":"https:\/\/www.thegasmixer.com\/fr\/","title":{"rendered":"Accueil"},"content":{"rendered":"\t\t<div data-elementor-type=\"wp-page\" data-elementor-id=\"908\" class=\"elementor elementor-908 elementor-14\" data-elementor-post-type=\"page\">\n\t\t\t\t\t\t<section class=\"elementor-section elementor-top-section elementor-element elementor-element-37b5ae8 elementor-section-stretched elementor-section-full_width elementor-section-height-default elementor-section-height-default\" data-id=\"37b5ae8\" data-element_type=\"section\" data-e-type=\"section\" data-settings=\"{&quot;stretch_section&quot;:&quot;section-stretched&quot;}\">\n\t\t\t\t\t\t<div class=\"elementor-container elementor-column-gap-default\">\n\t\t\t\t\t<div class=\"elementor-column elementor-col-100 elementor-top-column elementor-element elementor-element-587a4fd\" data-id=\"587a4fd\" data-element_type=\"column\" data-e-type=\"column\">\n\t\t\t<div class=\"elementor-widget-wrap elementor-element-populated\">\n\t\t\t\t\t\t<div class=\"elementor-element elementor-element-cccd5d2 elementor--h-position-center elementor--v-position-middle elementor-arrows-position-inside elementor-pagination-position-inside elementor-widget elementor-widget-slides\" data-id=\"cccd5d2\" data-element_type=\"widget\" data-e-type=\"widget\" data-settings=\"{&quot;transition&quot;:&quot;fade&quot;,&quot;transition_speed&quot;:1000,&quot;navigation&quot;:&quot;both&quot;,&quot;autoplay&quot;:&quot;yes&quot;,&quot;pause_on_hover&quot;:&quot;yes&quot;,&quot;pause_on_interaction&quot;:&quot;yes&quot;,&quot;autoplay_speed&quot;:5000,&quot;infinite&quot;:&quot;yes&quot;}\" data-widget_type=\"slides.default\">\n\t\t\t\t<div class=\"elementor-widget-container\">\n\t\t\t\t\t\t\t\t\t<div class=\"elementor-swiper\">\n\t\t\t\t\t<div class=\"elementor-slides-wrapper elementor-main-swiper swiper\" role=\"region\" aria-roledescription=\"carousel\" aria-label=\"Slides\" dir=\"ltr\" data-animation=\"fadeInUp\">\n\t\t\t\t<div class=\"swiper-wrapper elementor-slides\">\n\t\t\t\t\t\t\t\t\t\t<div class=\"elementor-repeater-item-9b788fc swiper-slide\" role=\"group\" aria-roledescription=\"slide\"><div class=\"swiper-slide-bg\" role=\"img\" aria-label=\"gas-mixer-slide\"><\/div><div class=\"swiper-slide-inner\" ><div class=\"swiper-slide-contents\"><\/div><\/div><\/div>\t\t\t\t<\/div>\n\t\t\t\t\t\t\t<\/div>\n\t\t\t\t<\/div>\n\t\t\t\t\t\t\t\t<\/div>\n\t\t\t\t<\/div>\n\t\t\t\t\t<\/div>\n\t\t<\/div>\n\t\t\t\t\t<\/div>\n\t\t<\/section>\n\t\t\t\t<section class=\"elementor-section elementor-top-section elementor-element elementor-element-60f79c9 elementor-section-full_width elementor-section-height-default elementor-section-height-default\" data-id=\"60f79c9\" data-element_type=\"section\" data-e-type=\"section\">\n\t\t\t\t\t\t<div class=\"elementor-container elementor-column-gap-default\">\n\t\t\t\t\t<div class=\"elementor-column elementor-col-50 elementor-top-column elementor-element elementor-element-0022650\" data-id=\"0022650\" data-element_type=\"column\" data-e-type=\"column\" data-settings=\"{&quot;background_background&quot;:&quot;classic&quot;}\">\n\t\t\t<div class=\"elementor-widget-wrap elementor-element-populated\">\n\t\t\t\t\t\t<div class=\"elementor-element elementor-element-4833c3a elementor-widget elementor-widget-heading\" data-id=\"4833c3a\" data-element_type=\"widget\" data-e-type=\"widget\" data-widget_type=\"heading.default\">\n\t\t\t\t<div class=\"elementor-widget-container\">\n\t\t\t\t\t<h4 class=\"elementor-heading-title elementor-size-default\">M\u00e9langeur de gaz de pr\u00e9cision<\/h4>\t\t\t\t<\/div>\n\t\t\t\t<\/div>\n\t\t\t\t<div class=\"elementor-element elementor-element-4e06808 elementor-widget elementor-widget-text-editor\" data-id=\"4e06808\" data-element_type=\"widget\" data-e-type=\"widget\" data-widget_type=\"text-editor.default\">\n\t\t\t\t<div class=\"elementor-widget-container\">\n\t\t\t\t\t\t\t\t\t<p>Un groupe d&#8217;ing\u00e9nieurs et de techniciens passionn\u00e9s chez Gometrics, associ\u00e9s \u00e0 une volont\u00e9 d&#8217;innovation particuli\u00e8re, ont donn\u00e9 naissance \u00e0 une machine qui a sa propre \u00e2me. Il en r\u00e9sulte un appareil de m\u00e9lange de gaz v\u00e9ritablement abouti, id\u00e9al pour les laboratoires de gaz et la recherche scientifique. Nos ing\u00e9nieurs ont privil\u00e9gi\u00e9 la pr\u00e9cision, la polyvalence, la facilit\u00e9 d&#8217;utilisation et la s\u00e9curit\u00e9. Nous avons \u00e9galement accord\u00e9 une attention particuli\u00e8re \u00e0 l&#8217;interface utilisateur afin de maximiser son utilit\u00e9 et son ergonomie.<\/p>\n<p>Depuis sa cr\u00e9ation en coop\u00e9ration avec le d\u00e9partement de physique de l&#8217;universit\u00e9 de Barcelone, le m\u00e9langeur de gaz MGP-2 est utilis\u00e9 avec succ\u00e8s dans diff\u00e9rents types d&#8217;organisations sur plusieurs march\u00e9s tels que l&#8217;\u00e9nergie, le p\u00e9trole et le gaz, les sciences de la vie, la recherche et l&#8217;universit\u00e9. Nous sommes certains que le m\u00e9langeur de gaz MGP-2 peut vous aider dans votre processus ou vos projets.<\/p>\n<p><br><\/p>\t\t\t\t\t\t\t\t<\/div>\n\t\t\t\t<\/div>\n\t\t\t\t\t<\/div>\n\t\t<\/div>\n\t\t\t\t<div class=\"elementor-column elementor-col-50 elementor-top-column elementor-element elementor-element-fe463af\" data-id=\"fe463af\" data-element_type=\"column\" data-e-type=\"column\">\n\t\t\t<div class=\"elementor-widget-wrap elementor-element-populated\">\n\t\t\t\t\t\t<div class=\"elementor-element elementor-element-caa324f elementor-widget elementor-widget-video\" data-id=\"caa324f\" data-element_type=\"widget\" data-e-type=\"widget\" data-settings=\"{&quot;video_type&quot;:&quot;vimeo&quot;,&quot;mute&quot;:&quot;yes&quot;,&quot;loop&quot;:&quot;yes&quot;}\" data-widget_type=\"video.default\">\n\t\t\t\t<div class=\"elementor-widget-container\">\n\t\t\t\t\t\t\t<div class=\"elementor-wrapper elementor-open-inline\">\n\t\t\t<iframe class=\"elementor-video-iframe\" allowfullscreen allow=\"clipboard-write\" title=\"Lecteur vid\u00e9o vimeo\" src=\"https:\/\/player.vimeo.com\/video\/724926776?color&amp;autopause=0&amp;loop=1&amp;muted=1&amp;title=0&amp;portrait=0&amp;byline=0#t=\"><\/iframe>\t\t<\/div>\n\t\t\t\t\t\t<\/div>\n\t\t\t\t<\/div>\n\t\t\t\t\t<\/div>\n\t\t<\/div>\n\t\t\t\t\t<\/div>\n\t\t<\/section>\n\t\t\t\t<\/div>\n\t\t","protected":false},"excerpt":{"rendered":"<p>M\u00e9langeur de gaz de pr\u00e9cision Un groupe d&#8217;ing\u00e9nieurs et de techniciens passionn\u00e9s chez Gometrics, associ\u00e9s \u00e0 une volont\u00e9 d&#8217;innovation particuli\u00e8re, ont donn\u00e9 naissance \u00e0 une machine qui a sa propre \u00e2me. Il en r\u00e9sulte un appareil de m\u00e9lange de gaz v\u00e9ritablement abouti, id\u00e9al pour les laboratoires de gaz et la recherche scientifique. Nos ing\u00e9nieurs ont [&hellip;]<\/p>\n","protected":false},"author":1,"featured_media":0,"parent":0,"menu_order":0,"comment_status":"closed","ping_status":"closed","template":"elementor_header_footer","meta":{"footnotes":""},"class_list":["post-908","page","type-page","status-publish","hentry"],"yoast_head":"<!-- This site is optimized with the Yoast SEO plugin v27.4 - https:\/\/yoast.com\/product\/yoast-seo-wordpress\/ -->\n<title>M\u00e9langeur de gaz de pr\u00e9cision de Gometrics Instruments<\/title>\n<meta name=\"description\" content=\"Le gaz MGP-2 est utilis\u00e9 avec succ\u00e8s dans diff\u00e9rents types d&#039;organisations sur plusieurs march\u00e9s tels que l&#039;\u00e9nergie, le p\u00e9trole et le gaz, les sciences de la vie.\" \/>\n<meta name=\"robots\" content=\"index, follow, max-snippet:-1, max-image-preview:large, max-video-preview:-1\" \/>\n<link rel=\"canonical\" href=\"https:\/\/www.thegasmixer.com\/fr\/\" \/>\n<meta property=\"og:locale\" content=\"fr_FR\" \/>\n<meta property=\"og:type\" content=\"article\" \/>\n<meta property=\"og:title\" content=\"M\u00e9langeur de gaz de pr\u00e9cision de Gometrics Instruments\" \/>\n<meta property=\"og:description\" content=\"Le gaz MGP-2 est utilis\u00e9 avec succ\u00e8s dans diff\u00e9rents types d&#039;organisations sur plusieurs march\u00e9s tels que l&#039;\u00e9nergie, le p\u00e9trole et le gaz, les sciences de la vie.\" \/>\n<meta property=\"og:url\" content=\"https:\/\/www.thegasmixer.com\/fr\/\" \/>\n<meta property=\"og:site_name\" content=\"The Gas Mixer\" \/>\n<meta property=\"article:modified_time\" content=\"2026-02-21T12:58:50+00:00\" \/>\n<meta name=\"twitter:card\" content=\"summary_large_image\" \/>\n<meta name=\"twitter:label1\" content=\"Dur\u00e9e de lecture estim\u00e9e\" \/>\n\t<meta name=\"twitter:data1\" content=\"1 minute\" \/>\n<script type=\"application\/ld+json\" class=\"yoast-schema-graph\">{\"@context\":\"https:\\\/\\\/schema.org\",\"@graph\":[{\"@type\":\"WebPage\",\"@id\":\"https:\\\/\\\/www.thegasmixer.com\\\/fr\\\/\",\"url\":\"https:\\\/\\\/www.thegasmixer.com\\\/fr\\\/\",\"name\":\"M\u00e9langeur de gaz de pr\u00e9cision de Gometrics Instruments\",\"isPartOf\":{\"@id\":\"https:\\\/\\\/www.thegasmixer.com\\\/fr\\\/#website\"},\"datePublished\":\"2023-05-15T04:33:16+00:00\",\"dateModified\":\"2026-02-21T12:58:50+00:00\",\"description\":\"Le gaz MGP-2 est utilis\u00e9 avec succ\u00e8s dans diff\u00e9rents types d'organisations sur plusieurs march\u00e9s tels que l'\u00e9nergie, le p\u00e9trole et le gaz, les sciences de la vie.\",\"breadcrumb\":{\"@id\":\"https:\\\/\\\/www.thegasmixer.com\\\/fr\\\/#breadcrumb\"},\"inLanguage\":\"fr-FR\",\"potentialAction\":[{\"@type\":\"ReadAction\",\"target\":[\"https:\\\/\\\/www.thegasmixer.com\\\/fr\\\/\"]}]},{\"@type\":\"BreadcrumbList\",\"@id\":\"https:\\\/\\\/www.thegasmixer.com\\\/fr\\\/#breadcrumb\",\"itemListElement\":[{\"@type\":\"ListItem\",\"position\":1,\"name\":\"Home\",\"item\":\"https:\\\/\\\/www.thegasmixer.com\\\/fr\\\/\"},{\"@type\":\"ListItem\",\"position\":2,\"name\":\"Accueil\"}]},{\"@type\":\"WebSite\",\"@id\":\"https:\\\/\\\/www.thegasmixer.com\\\/fr\\\/#website\",\"url\":\"https:\\\/\\\/www.thegasmixer.com\\\/fr\\\/\",\"name\":\"The Gas Mixer\",\"description\":\"\",\"potentialAction\":[{\"@type\":\"SearchAction\",\"target\":{\"@type\":\"EntryPoint\",\"urlTemplate\":\"https:\\\/\\\/www.thegasmixer.com\\\/fr\\\/?s={search_term_string}\"},\"query-input\":{\"@type\":\"PropertyValueSpecification\",\"valueRequired\":true,\"valueName\":\"search_term_string\"}}],\"inLanguage\":\"fr-FR\"}]}<\/script>\n<!-- \/ Yoast SEO plugin. -->","yoast_head_json":{"title":"M\u00e9langeur de gaz de pr\u00e9cision de Gometrics Instruments","description":"Le gaz MGP-2 est utilis\u00e9 avec succ\u00e8s dans diff\u00e9rents types d'organisations sur plusieurs march\u00e9s tels que l'\u00e9nergie, le p\u00e9trole et le gaz, les sciences de la vie.","robots":{"index":"index","follow":"follow","max-snippet":"max-snippet:-1","max-image-preview":"max-image-preview:large","max-video-preview":"max-video-preview:-1"},"canonical":"https:\/\/www.thegasmixer.com\/fr\/","og_locale":"fr_FR","og_type":"article","og_title":"M\u00e9langeur de gaz de pr\u00e9cision de Gometrics Instruments","og_description":"Le gaz MGP-2 est utilis\u00e9 avec succ\u00e8s dans diff\u00e9rents types d'organisations sur plusieurs march\u00e9s tels que l'\u00e9nergie, le p\u00e9trole et le gaz, les sciences de la vie.","og_url":"https:\/\/www.thegasmixer.com\/fr\/","og_site_name":"The Gas Mixer","article_modified_time":"2026-02-21T12:58:50+00:00","twitter_card":"summary_large_image","twitter_misc":{"Dur\u00e9e de lecture estim\u00e9e":"1 minute"},"schema":{"@context":"https:\/\/schema.org","@graph":[{"@type":"WebPage","@id":"https:\/\/www.thegasmixer.com\/fr\/","url":"https:\/\/www.thegasmixer.com\/fr\/","name":"M\u00e9langeur de gaz de pr\u00e9cision de Gometrics Instruments","isPartOf":{"@id":"https:\/\/www.thegasmixer.com\/fr\/#website"},"datePublished":"2023-05-15T04:33:16+00:00","dateModified":"2026-02-21T12:58:50+00:00","description":"Le gaz MGP-2 est utilis\u00e9 avec succ\u00e8s dans diff\u00e9rents types d'organisations sur plusieurs march\u00e9s tels que l'\u00e9nergie, le p\u00e9trole et le gaz, les sciences de la vie.","breadcrumb":{"@id":"https:\/\/www.thegasmixer.com\/fr\/#breadcrumb"},"inLanguage":"fr-FR","potentialAction":[{"@type":"ReadAction","target":["https:\/\/www.thegasmixer.com\/fr\/"]}]},{"@type":"BreadcrumbList","@id":"https:\/\/www.thegasmixer.com\/fr\/#breadcrumb","itemListElement":[{"@type":"ListItem","position":1,"name":"Home","item":"https:\/\/www.thegasmixer.com\/fr\/"},{"@type":"ListItem","position":2,"name":"Accueil"}]},{"@type":"WebSite","@id":"https:\/\/www.thegasmixer.com\/fr\/#website","url":"https:\/\/www.thegasmixer.com\/fr\/","name":"The Gas Mixer","description":"","potentialAction":[{"@type":"SearchAction","target":{"@type":"EntryPoint","urlTemplate":"https:\/\/www.thegasmixer.com\/fr\/?s={search_term_string}"},"query-input":{"@type":"PropertyValueSpecification","valueRequired":true,"valueName":"search_term_string"}}],"inLanguage":"fr-FR"}]}},"_links":{"self":[{"href":"https:\/\/www.thegasmixer.com\/fr\/wp-json\/wp\/v2\/pages\/908","targetHints":{"allow":["GET"]}}],"collection":[{"href":"https:\/\/www.thegasmixer.com\/fr\/wp-json\/wp\/v2\/pages"}],"about":[{"href":"https:\/\/www.thegasmixer.com\/fr\/wp-json\/wp\/v2\/types\/page"}],"author":[{"embeddable":true,"href":"https:\/\/www.thegasmixer.com\/fr\/wp-json\/wp\/v2\/users\/1"}],"replies":[{"embeddable":true,"href":"https:\/\/www.thegasmixer.com\/fr\/wp-json\/wp\/v2\/comments?post=908"}],"version-history":[{"count":3,"href":"https:\/\/www.thegasmixer.com\/fr\/wp-json\/wp\/v2\/pages\/908\/revisions"}],"predecessor-version":[{"id":1587,"href":"https:\/\/www.thegasmixer.com\/fr\/wp-json\/wp\/v2\/pages\/908\/revisions\/1587"}],"wp:attachment":[{"href":"https:\/\/www.thegasmixer.com\/fr\/wp-json\/wp\/v2\/media?parent=908"}],"curies":[{"name":"wp","href":"https:\/\/api.w.org\/{rel}","templated":true}]}}