{"id":1647,"date":"2026-04-29T18:26:35","date_gmt":"2026-04-29T16:26:35","guid":{"rendered":"https:\/\/www.thegasmixer.com\/mgp4-melangeur-de-gaz-standard-industriel-pour-laboratoires\/"},"modified":"2026-05-12T09:02:35","modified_gmt":"2026-05-12T07:02:35","slug":"mgp4-melangeur-de-gaz-standard-industriel-pour-laboratoires","status":"publish","type":"page","link":"https:\/\/www.thegasmixer.com\/fr\/mgp4-melangeur-de-gaz-standard-industriel-pour-laboratoires\/","title":{"rendered":"MGP4 M\u00e9langeur de gaz standard industriel pour laboratoires"},"content":{"rendered":"\t\t<div data-elementor-type=\"wp-page\" data-elementor-id=\"1647\" class=\"elementor elementor-1647 elementor-1631\" data-elementor-post-type=\"page\">\n\t\t\t\t<div class=\"elementor-element elementor-element-273ca580 e-flex e-con-boxed e-con e-parent\" data-id=\"273ca580\" data-element_type=\"container\" data-e-type=\"container\">\n\t\t\t\t\t<div class=\"e-con-inner\">\n\t\t\t\t\t<\/div>\n\t\t\t\t<\/div>\n\t\t<div class=\"elementor-element elementor-element-de901da e-con-full e-flex e-con e-parent\" data-id=\"de901da\" data-element_type=\"container\" data-e-type=\"container\">\n\t\t\t\t<div class=\"elementor-element elementor-element-ce64d1e elementor--h-position-center elementor--v-position-middle elementor-arrows-position-inside elementor-pagination-position-inside elementor-widget elementor-widget-slides\" data-id=\"ce64d1e\" data-element_type=\"widget\" data-e-type=\"widget\" data-settings=\"{&quot;transition&quot;:&quot;fade&quot;,&quot;transition_speed&quot;:1000,&quot;navigation&quot;:&quot;both&quot;,&quot;autoplay&quot;:&quot;yes&quot;,&quot;pause_on_hover&quot;:&quot;yes&quot;,&quot;pause_on_interaction&quot;:&quot;yes&quot;,&quot;autoplay_speed&quot;:5000,&quot;infinite&quot;:&quot;yes&quot;}\" data-widget_type=\"slides.default\">\n\t\t\t\t<div class=\"elementor-widget-container\">\n\t\t\t\t\t\t\t\t\t<div class=\"elementor-swiper\">\n\t\t\t\t\t<div class=\"elementor-slides-wrapper elementor-main-swiper swiper\" role=\"region\" aria-roledescription=\"carousel\" aria-label=\"Slides\" dir=\"ltr\" data-animation=\"fadeInUp\">\n\t\t\t\t<div class=\"swiper-wrapper elementor-slides\">\n\t\t\t\t\t\t\t\t\t\t<div class=\"elementor-repeater-item-9b788fc swiper-slide\" role=\"group\" aria-roledescription=\"slide\"><div class=\"swiper-slide-bg\" role=\"img\" aria-label=\"M\u00e9langeur industriel de gaz-IGM\"><\/div><div class=\"swiper-slide-inner\" ><div class=\"swiper-slide-contents\"><\/div><\/div><\/div>\t\t\t\t<\/div>\n\t\t\t\t\t\t\t<\/div>\n\t\t\t\t<\/div>\n\t\t\t\t\t\t\t\t<\/div>\n\t\t\t\t<\/div>\n\t\t\t\t<\/div>\n\t\t<div class=\"elementor-element elementor-element-255756c e-flex e-con-boxed e-con e-parent\" data-id=\"255756c\" data-element_type=\"container\" data-e-type=\"container\" data-settings=\"{&quot;background_background&quot;:&quot;classic&quot;}\">\n\t\t\t\t\t<div class=\"e-con-inner\">\n\t\t\t\t<div class=\"elementor-element elementor-element-8586475 elementor-widget elementor-widget-heading\" data-id=\"8586475\" data-element_type=\"widget\" data-e-type=\"widget\" data-widget_type=\"heading.default\">\n\t\t\t\t<div class=\"elementor-widget-container\">\n\t\t\t\t\t<h3 class=\"elementor-heading-title elementor-size-default\">MGP4 M\u00e9langeur de gaz standard industriel pour laboratoires<\/h3>\t\t\t\t<\/div>\n\t\t\t\t<\/div>\n\t\t\t\t\t<\/div>\n\t\t\t\t<\/div>\n\t\t<div class=\"elementor-element elementor-element-0b63b4d e-flex e-con-boxed e-con e-parent\" data-id=\"0b63b4d\" data-element_type=\"container\" data-e-type=\"container\">\n\t\t\t\t\t<div class=\"e-con-inner\">\n\t\t<div class=\"elementor-element elementor-element-74b86f2 e-con-full e-flex e-con e-child\" data-id=\"74b86f2\" data-element_type=\"container\" data-e-type=\"container\">\n\t\t\t\t<div class=\"elementor-element elementor-element-31c017f elementor-widget elementor-widget-text-editor\" data-id=\"31c017f\" data-element_type=\"widget\" data-e-type=\"widget\" data-widget_type=\"text-editor.default\">\n\t\t\t\t<div class=\"elementor-widget-container\">\n\t\t\t\t\t\t\t\t\t<p>Le MGP4 est un m\u00e9langeur de gaz de la famille MGP destin\u00e9 aux laboratoires qui ont besoin d&#8217;un m\u00e9lange de gaz de haute pr\u00e9cision dans leurs processus industriels.<\/p><p>Le MGP4 est un m\u00e9langeur de gaz de la famille MGP destin\u00e9 aux laboratoires qui ont besoin d&#8217;un m\u00e9lange de gaz de haute pr\u00e9cision dans leurs processus industriels.<\/p><p>Il m\u00e9lange jusqu&#8217;\u00e0 8 gaz diff\u00e9rents rapidement, en toute s\u00e9curit\u00e9 et de mani\u00e8re uniforme, le tout \u00e0 partir d&#8217;un \u00e9cran tactile intuitif de 10\u2033.<\/p><p>Le MGP4 int\u00e8gre des r\u00e9gulateurs de d\u00e9bit massique haute performance capables d&#8217;une pr\u00e9cision de \u00b11% et d&#8217;une r\u00e9p\u00e9tabilit\u00e9 de \u00b10,25% sur chaque canal actif.<\/p><p>Compatible avec une grande vari\u00e9t\u00e9 de gaz tels que NO, SO\u2082, NO\u2082, CO, CO\u2082, O\u2082, N\u2082, H\u2082S, NH\u2083, et plus encore (avec une option oxydant si n\u00e9cessaire), il s&#8217;adapte aux d\u00e9fis les plus exigeants en mati\u00e8re d&#8217;\u00e9talonnage ou de simulation d&#8217;atmosph\u00e8re.<\/p><p>L&#8217;homog\u00e9n\u00e9it\u00e9 est garantie gr\u00e2ce \u00e0 une m\u00e9thode de m\u00e9lange brevet\u00e9e qui assure une distribution parfaite du gaz, m\u00eame dans les configurations avanc\u00e9es.<\/p>\t\t\t\t\t\t\t\t<\/div>\n\t\t\t\t<\/div>\n\t\t\t\t<div class=\"elementor-element elementor-element-988d824 elementor-widget elementor-widget-heading\" data-id=\"988d824\" data-element_type=\"widget\" data-e-type=\"widget\" data-widget_type=\"heading.default\">\n\t\t\t\t<div class=\"elementor-widget-container\">\n\t\t\t\t\t<h4 class=\"elementor-heading-title elementor-size-default\">Caract\u00e9ristiques<\/h4>\t\t\t\t<\/div>\n\t\t\t\t<\/div>\n\t\t\t\t<div class=\"elementor-element elementor-element-b74beea elementor-widget elementor-widget-text-editor\" data-id=\"b74beea\" data-element_type=\"widget\" data-e-type=\"widget\" data-widget_type=\"text-editor.default\">\n\t\t\t\t<div class=\"elementor-widget-container\">\n\t\t\t\t\t\t\t\t\t<ul><li>G\u00e9n\u00e9ration facile de dilution et de m\u00e9lange<\/li><li>\u00c9cran tactile<\/li><li>Automatisation des s\u00e9quences<\/li><li>Peut \u00eatre connect\u00e9 \u00e0 un PC externe<\/li><li>Fiabilit\u00e9 et r\u00e9p\u00e9tabilit\u00e9<\/li><li>S\u00e9curit\u00e9 et durabilit\u00e9<\/li><\/ul>\t\t\t\t\t\t\t\t<\/div>\n\t\t\t\t<\/div>\n\t\t\t\t<div class=\"elementor-element elementor-element-6218533 elementor-widget elementor-widget-heading\" data-id=\"6218533\" data-element_type=\"widget\" data-e-type=\"widget\" data-widget_type=\"heading.default\">\n\t\t\t\t<div class=\"elementor-widget-container\">\n\t\t\t\t\t<h4 class=\"elementor-heading-title elementor-size-default\">Avantages<\/h4>\t\t\t\t<\/div>\n\t\t\t\t<\/div>\n\t\t\t\t<div class=\"elementor-element elementor-element-5f6d8de elementor-widget elementor-widget-text-editor\" data-id=\"5f6d8de\" data-element_type=\"widget\" data-e-type=\"widget\" data-widget_type=\"text-editor.default\">\n\t\t\t\t<div class=\"elementor-widget-container\">\n\t\t\t\t\t\t\t\t\t<ul><li>\u00c9cran tactile de 10\u2033 pour le m\u00e9lange des gaz \u00e0 partir de l&#8217;\u00e9quipement lui-m\u00eame<\/li><li>Mat\u00e9riau de contact : Acier inoxydable AISI-316 et joints toriques en Buna-N et\/ou Viton<\/li><li>M\u00e9lange de deux canaux de contr\u00f4le de d\u00e9bit ind\u00e9pendants et simultan\u00e9s pour le m\u00e9lange (jusqu&#8217;\u00e0 8 canaux disponibles en option)<\/li><\/ul>\t\t\t\t\t\t\t\t<\/div>\n\t\t\t\t<\/div>\n\t\t\t\t<div class=\"elementor-element elementor-element-606880b elementor-widget elementor-widget-heading\" data-id=\"606880b\" data-element_type=\"widget\" data-e-type=\"widget\" data-widget_type=\"heading.default\">\n\t\t\t\t<div class=\"elementor-widget-container\">\n\t\t\t\t\t<h4 class=\"elementor-heading-title elementor-size-default\">Applications<\/h4>\t\t\t\t<\/div>\n\t\t\t\t<\/div>\n\t\t\t\t<div class=\"elementor-element elementor-element-a3ff26e elementor-widget elementor-widget-text-editor\" data-id=\"a3ff26e\" data-element_type=\"widget\" data-e-type=\"widget\" data-widget_type=\"text-editor.default\">\n\t\t\t\t<div class=\"elementor-widget-container\">\n\t\t\t\t\t\t\t\t\t<ul><li>Pr\u00e9paration de m\u00e9langes (binaires, ternaires, etc.)<\/li><li>\u00c9talonnage de d\u00e9tecteurs et d&#8217;analyseurs de gaz<\/li><li>\u00c9tudes de lin\u00e9arit\u00e9 des analyseurs de gaz<\/li><li>Caract\u00e9risation des capteurs de gaz<\/li><li>Pr\u00e9paration d&#8217;atmosph\u00e8res contr\u00f4l\u00e9es pour l&#8217;analyse<\/li><\/ul>\t\t\t\t\t\t\t\t<\/div>\n\t\t\t\t<\/div>\n\t\t\t\t<div class=\"elementor-element elementor-element-1a4bfbe elementor-widget elementor-widget-heading\" data-id=\"1a4bfbe\" data-element_type=\"widget\" data-e-type=\"widget\" data-widget_type=\"heading.default\">\n\t\t\t\t<div class=\"elementor-widget-container\">\n\t\t\t\t\t<h4 class=\"elementor-heading-title elementor-size-default\">Caract\u00e9ristiques techniques<\/h4>\t\t\t\t<\/div>\n\t\t\t\t<\/div>\n\t\t\t\t<div class=\"elementor-element elementor-element-e1d0670 elementor-widget elementor-widget-text-editor\" data-id=\"e1d0670\" data-element_type=\"widget\" data-e-type=\"widget\" data-widget_type=\"text-editor.default\">\n\t\t\t\t<div class=\"elementor-widget-container\">\n\t\t\t\t\t\t\t\t\t<table class=\"tabla\" border=\"1\" width=\"600\" cellspacing=\"0\" cellpadding=\"0\" align=\"left\"><tbody><tr><td class=\"lecol66\"><strong>Pression d&#8217;alimentation<\/strong><\/td><td class=\"lecolss66\">60 bar abs<\/td><\/tr><tr><td class=\"lecol66\"><strong>Gaz d&#8217;alimentation<\/strong><\/td><td class=\"lecolss66\">Type de gaz et composants configurables<\/td><\/tr><tr><td class=\"lecol66\"><strong>Alimentation \u00e9lectrique<\/strong><\/td><td class=\"lecolss66\">100-260 VCA, 50\/60 Hz, 120W<\/td><\/tr><tr><td class=\"lecol66\"><strong>Mat\u00e9riau de contact<\/strong><\/td><td class=\"lecolss66\">Acier inoxydable AISI-316 et joints toriques en Buna-N et\/ou Viton<\/td><\/tr><tr><td class=\"lecol66\"><strong>Capacit\u00e9 de g\u00e9n\u00e9ration de m\u00e9langes<\/strong><\/td><td class=\"lecolss66\">Permet toute combinaison de points de travail pour les canaux activ\u00e9s<\/td><\/tr><tr><td class=\"lecol66\"><strong>Plages de d\u00e9bit contr\u00f4lables par canal<\/strong><\/td><td class=\"lecolss66\">Profondeurs d&#8217;\u00e9chelle maximales par canal de 8 sccm \u00e0 15 slm (autres d\u00e9bits sur demande). Les canaux peuvent avoir des profondeurs d&#8217;\u00e9chelle diff\u00e9rentes <\/td><\/tr><tr><td class=\"lecol66\"><strong>D\u00e9bit maximal de sortie (mixte)<\/strong><\/td><td class=\"lecolss66\">Il est donn\u00e9 par la somme des d\u00e9bits individuels (jusqu&#8217;\u00e0 15 slm).<\/td><\/tr><tr><td class=\"lecol66\"><strong>Pr\u00e9cision et r\u00e9p\u00e9tabilit\u00e9 par canal<\/strong><\/td><td class=\"lecolss66\"><p>R\u00e9p\u00e9tabilit\u00e9 : \u00b1 0,25 % de la valeur lue<\/p><p>Pr\u00e9cision : \u00b1 1 % de la valeur lue (\u00b1 20 % \u00e0 100 % de la pleine \u00e9chelle) *<\/p><\/td><\/tr><tr><td class=\"lecol66\"><strong>Connexions<\/strong><\/td><td class=\"lecolss66\">1\/4&#8243; ou 1\/8&#8243; BSP Swagelok\u00ae (raccord rapide en option). Max. d\u00e9bit total de sortie : d\u00e9termin\u00e9 par des d\u00e9bitm\u00e8tres massiques<\/td><\/tr><tr><td class=\"lecol66\"><strong>Poids<\/strong><\/td><td class=\"lecolss66\">21 kg<\/td><\/tr><tr><td class=\"lecol66\"><strong>Dimensions de l&#8217;appareil<\/strong><\/td><td class=\"lecolss66\">406 x 265 x 554 mm (largeur x hauteur x profondeur)<\/td><\/tr><tr><td class=\"lecol66\"><strong>Certificats<\/strong><\/td><td class=\"lecolss66\">Certificat de tra\u00e7abilit\u00e9 selon la proc\u00e9dure interne et ENAC (optionnel)<\/td><\/tr><tr><td class=\"lecol66\"><strong>Garantie<\/strong><\/td><td class=\"lecolss66\">1 an<\/td><\/tr><\/tbody><\/table>\t\t\t\t\t\t\t\t<\/div>\n\t\t\t\t<\/div>\n\t\t\t\t<\/div>\n\t\t\t\t\t<\/div>\n\t\t\t\t<\/div>\n\t\t\t\t<\/div>\n\t\t","protected":false},"excerpt":{"rendered":"<p>MGP4 M\u00e9langeur de gaz standard industriel pour laboratoires Le MGP4 est un m\u00e9langeur de gaz de la famille MGP destin\u00e9 aux laboratoires qui ont besoin d&#8217;un m\u00e9lange de gaz de haute pr\u00e9cision dans leurs processus industriels. Le MGP4 est un m\u00e9langeur de gaz de la famille MGP destin\u00e9 aux laboratoires qui ont besoin d&#8217;un m\u00e9lange [&hellip;]<\/p>\n","protected":false},"author":1,"featured_media":0,"parent":0,"menu_order":0,"comment_status":"closed","ping_status":"closed","template":"elementor_header_footer","meta":{"footnotes":""},"class_list":["post-1647","page","type-page","status-publish","hentry"],"yoast_head":"<!-- This site is optimized with the Yoast SEO plugin v27.6 - https:\/\/yoast.com\/product\/yoast-seo-wordpress\/ -->\n<title>MGP4 M\u00e9langeur de gaz standard industriel pour laboratoires - The Gas Mixer<\/title>\n<meta name=\"robots\" content=\"index, follow, max-snippet:-1, max-image-preview:large, max-video-preview:-1\" \/>\n<link rel=\"canonical\" href=\"https:\/\/www.thegasmixer.com\/fr\/mgp4-melangeur-de-gaz-standard-industriel-pour-laboratoires\/\" \/>\n<meta property=\"og:locale\" content=\"fr_FR\" \/>\n<meta property=\"og:type\" content=\"article\" \/>\n<meta property=\"og:title\" content=\"MGP4 M\u00e9langeur de gaz standard industriel pour laboratoires - The Gas Mixer\" \/>\n<meta property=\"og:description\" content=\"MGP4 M\u00e9langeur de gaz standard industriel pour laboratoires Le MGP4 est un m\u00e9langeur de gaz de la famille MGP destin\u00e9 aux laboratoires qui ont besoin d&#8217;un m\u00e9lange de gaz de haute pr\u00e9cision dans leurs processus industriels. Le MGP4 est un m\u00e9langeur de gaz de la famille MGP destin\u00e9 aux laboratoires qui ont besoin d&#8217;un m\u00e9lange [&hellip;]\" \/>\n<meta property=\"og:url\" content=\"https:\/\/www.thegasmixer.com\/fr\/mgp4-melangeur-de-gaz-standard-industriel-pour-laboratoires\/\" \/>\n<meta property=\"og:site_name\" content=\"The Gas Mixer\" \/>\n<meta property=\"article:modified_time\" content=\"2026-05-12T07:02:35+00:00\" \/>\n<meta name=\"twitter:card\" content=\"summary_large_image\" \/>\n<meta name=\"twitter:label1\" content=\"Dur\u00e9e de lecture estim\u00e9e\" \/>\n\t<meta name=\"twitter:data1\" content=\"2 minutes\" \/>\n<script type=\"application\/ld+json\" class=\"yoast-schema-graph\">{\"@context\":\"https:\\\/\\\/schema.org\",\"@graph\":[{\"@type\":\"WebPage\",\"@id\":\"https:\\\/\\\/www.thegasmixer.com\\\/fr\\\/mgp4-melangeur-de-gaz-standard-industriel-pour-laboratoires\\\/\",\"url\":\"https:\\\/\\\/www.thegasmixer.com\\\/fr\\\/mgp4-melangeur-de-gaz-standard-industriel-pour-laboratoires\\\/\",\"name\":\"MGP4 M\u00e9langeur de gaz standard industriel pour laboratoires - The Gas Mixer\",\"isPartOf\":{\"@id\":\"https:\\\/\\\/www.thegasmixer.com\\\/fr\\\/#website\"},\"datePublished\":\"2026-04-29T16:26:35+00:00\",\"dateModified\":\"2026-05-12T07:02:35+00:00\",\"breadcrumb\":{\"@id\":\"https:\\\/\\\/www.thegasmixer.com\\\/fr\\\/mgp4-melangeur-de-gaz-standard-industriel-pour-laboratoires\\\/#breadcrumb\"},\"inLanguage\":\"fr-FR\",\"potentialAction\":[{\"@type\":\"ReadAction\",\"target\":[\"https:\\\/\\\/www.thegasmixer.com\\\/fr\\\/mgp4-melangeur-de-gaz-standard-industriel-pour-laboratoires\\\/\"]}]},{\"@type\":\"BreadcrumbList\",\"@id\":\"https:\\\/\\\/www.thegasmixer.com\\\/fr\\\/mgp4-melangeur-de-gaz-standard-industriel-pour-laboratoires\\\/#breadcrumb\",\"itemListElement\":[{\"@type\":\"ListItem\",\"position\":1,\"name\":\"Home\",\"item\":\"https:\\\/\\\/www.thegasmixer.com\\\/fr\\\/\"},{\"@type\":\"ListItem\",\"position\":2,\"name\":\"MGP4 M\u00e9langeur de gaz standard industriel pour laboratoires\"}]},{\"@type\":\"WebSite\",\"@id\":\"https:\\\/\\\/www.thegasmixer.com\\\/fr\\\/#website\",\"url\":\"https:\\\/\\\/www.thegasmixer.com\\\/fr\\\/\",\"name\":\"The Gas Mixer\",\"description\":\"\",\"potentialAction\":[{\"@type\":\"SearchAction\",\"target\":{\"@type\":\"EntryPoint\",\"urlTemplate\":\"https:\\\/\\\/www.thegasmixer.com\\\/fr\\\/?s={search_term_string}\"},\"query-input\":{\"@type\":\"PropertyValueSpecification\",\"valueRequired\":true,\"valueName\":\"search_term_string\"}}],\"inLanguage\":\"fr-FR\"}]}<\/script>\n<!-- \/ Yoast SEO plugin. -->","yoast_head_json":{"title":"MGP4 M\u00e9langeur de gaz standard industriel pour laboratoires - The Gas Mixer","robots":{"index":"index","follow":"follow","max-snippet":"max-snippet:-1","max-image-preview":"max-image-preview:large","max-video-preview":"max-video-preview:-1"},"canonical":"https:\/\/www.thegasmixer.com\/fr\/mgp4-melangeur-de-gaz-standard-industriel-pour-laboratoires\/","og_locale":"fr_FR","og_type":"article","og_title":"MGP4 M\u00e9langeur de gaz standard industriel pour laboratoires - The Gas Mixer","og_description":"MGP4 M\u00e9langeur de gaz standard industriel pour laboratoires Le MGP4 est un m\u00e9langeur de gaz de la famille MGP destin\u00e9 aux laboratoires qui ont besoin d&#8217;un m\u00e9lange de gaz de haute pr\u00e9cision dans leurs processus industriels. Le MGP4 est un m\u00e9langeur de gaz de la famille MGP destin\u00e9 aux laboratoires qui ont besoin d&#8217;un m\u00e9lange [&hellip;]","og_url":"https:\/\/www.thegasmixer.com\/fr\/mgp4-melangeur-de-gaz-standard-industriel-pour-laboratoires\/","og_site_name":"The Gas Mixer","article_modified_time":"2026-05-12T07:02:35+00:00","twitter_card":"summary_large_image","twitter_misc":{"Dur\u00e9e de lecture estim\u00e9e":"2 minutes"},"schema":{"@context":"https:\/\/schema.org","@graph":[{"@type":"WebPage","@id":"https:\/\/www.thegasmixer.com\/fr\/mgp4-melangeur-de-gaz-standard-industriel-pour-laboratoires\/","url":"https:\/\/www.thegasmixer.com\/fr\/mgp4-melangeur-de-gaz-standard-industriel-pour-laboratoires\/","name":"MGP4 M\u00e9langeur de gaz standard industriel pour laboratoires - The Gas Mixer","isPartOf":{"@id":"https:\/\/www.thegasmixer.com\/fr\/#website"},"datePublished":"2026-04-29T16:26:35+00:00","dateModified":"2026-05-12T07:02:35+00:00","breadcrumb":{"@id":"https:\/\/www.thegasmixer.com\/fr\/mgp4-melangeur-de-gaz-standard-industriel-pour-laboratoires\/#breadcrumb"},"inLanguage":"fr-FR","potentialAction":[{"@type":"ReadAction","target":["https:\/\/www.thegasmixer.com\/fr\/mgp4-melangeur-de-gaz-standard-industriel-pour-laboratoires\/"]}]},{"@type":"BreadcrumbList","@id":"https:\/\/www.thegasmixer.com\/fr\/mgp4-melangeur-de-gaz-standard-industriel-pour-laboratoires\/#breadcrumb","itemListElement":[{"@type":"ListItem","position":1,"name":"Home","item":"https:\/\/www.thegasmixer.com\/fr\/"},{"@type":"ListItem","position":2,"name":"MGP4 M\u00e9langeur de gaz standard industriel pour laboratoires"}]},{"@type":"WebSite","@id":"https:\/\/www.thegasmixer.com\/fr\/#website","url":"https:\/\/www.thegasmixer.com\/fr\/","name":"The Gas Mixer","description":"","potentialAction":[{"@type":"SearchAction","target":{"@type":"EntryPoint","urlTemplate":"https:\/\/www.thegasmixer.com\/fr\/?s={search_term_string}"},"query-input":{"@type":"PropertyValueSpecification","valueRequired":true,"valueName":"search_term_string"}}],"inLanguage":"fr-FR"}]}},"_links":{"self":[{"href":"https:\/\/www.thegasmixer.com\/fr\/wp-json\/wp\/v2\/pages\/1647","targetHints":{"allow":["GET"]}}],"collection":[{"href":"https:\/\/www.thegasmixer.com\/fr\/wp-json\/wp\/v2\/pages"}],"about":[{"href":"https:\/\/www.thegasmixer.com\/fr\/wp-json\/wp\/v2\/types\/page"}],"author":[{"embeddable":true,"href":"https:\/\/www.thegasmixer.com\/fr\/wp-json\/wp\/v2\/users\/1"}],"replies":[{"embeddable":true,"href":"https:\/\/www.thegasmixer.com\/fr\/wp-json\/wp\/v2\/comments?post=1647"}],"version-history":[{"count":1,"href":"https:\/\/www.thegasmixer.com\/fr\/wp-json\/wp\/v2\/pages\/1647\/revisions"}],"predecessor-version":[{"id":1649,"href":"https:\/\/www.thegasmixer.com\/fr\/wp-json\/wp\/v2\/pages\/1647\/revisions\/1649"}],"wp:attachment":[{"href":"https:\/\/www.thegasmixer.com\/fr\/wp-json\/wp\/v2\/media?parent=1647"}],"curies":[{"name":"wp","href":"https:\/\/api.w.org\/{rel}","templated":true}]}}