{"id":924,"date":"2023-05-15T06:34:52","date_gmt":"2023-05-15T04:34:52","guid":{"rendered":"https:\/\/www.thegasmixer.com\/sobre-nosotros\/"},"modified":"2025-04-23T19:10:20","modified_gmt":"2025-04-23T17:10:20","slug":"sobre-nosotros","status":"publish","type":"page","link":"https:\/\/www.thegasmixer.com\/es\/sobre-nosotros\/","title":{"rendered":"Sobre nosotros"},"content":{"rendered":"\t\t<div data-elementor-type=\"wp-page\" data-elementor-id=\"924\" class=\"elementor elementor-924 elementor-18\" data-elementor-post-type=\"page\">\n\t\t\t\t\t\t<section class=\"elementor-section elementor-top-section elementor-element elementor-element-8c30c82 elementor-section-stretched elementor-section-full_width elementor-section-height-default elementor-section-height-default\" data-id=\"8c30c82\" data-element_type=\"section\" data-e-type=\"section\" data-settings=\"{&quot;stretch_section&quot;:&quot;section-stretched&quot;}\">\n\t\t\t\t\t\t<div class=\"elementor-container elementor-column-gap-default\">\n\t\t\t\t\t<div class=\"elementor-column elementor-col-100 elementor-top-column elementor-element elementor-element-51e9fd7\" data-id=\"51e9fd7\" data-element_type=\"column\" data-e-type=\"column\">\n\t\t\t<div class=\"elementor-widget-wrap elementor-element-populated\">\n\t\t\t\t\t\t<div class=\"elementor-element elementor-element-85ea18b elementor--h-position-center elementor--v-position-middle elementor-arrows-position-inside elementor-pagination-position-inside elementor-widget elementor-widget-slides\" data-id=\"85ea18b\" data-element_type=\"widget\" data-e-type=\"widget\" data-settings=\"{&quot;transition&quot;:&quot;fade&quot;,&quot;transition_speed&quot;:1000,&quot;navigation&quot;:&quot;both&quot;,&quot;autoplay&quot;:&quot;yes&quot;,&quot;pause_on_hover&quot;:&quot;yes&quot;,&quot;pause_on_interaction&quot;:&quot;yes&quot;,&quot;autoplay_speed&quot;:5000,&quot;infinite&quot;:&quot;yes&quot;}\" data-widget_type=\"slides.default\">\n\t\t\t\t<div class=\"elementor-widget-container\">\n\t\t\t\t\t\t\t\t\t<div class=\"elementor-swiper\">\n\t\t\t\t\t<div class=\"elementor-slides-wrapper elementor-main-swiper swiper\" role=\"region\" aria-roledescription=\"carousel\" aria-label=\"Diapositivas\" dir=\"ltr\" data-animation=\"fadeInUp\">\n\t\t\t\t<div class=\"swiper-wrapper elementor-slides\">\n\t\t\t\t\t\t\t\t\t\t<div class=\"elementor-repeater-item-9b788fc swiper-slide\" role=\"group\" aria-roledescription=\"slide\"><div class=\"swiper-slide-bg\" role=\"img\" aria-label=\"gmixe3\"><\/div><div class=\"swiper-slide-inner\" ><div class=\"swiper-slide-contents\"><\/div><\/div><\/div>\t\t\t\t<\/div>\n\t\t\t\t\t\t\t<\/div>\n\t\t\t\t<\/div>\n\t\t\t\t\t\t\t\t<\/div>\n\t\t\t\t<\/div>\n\t\t\t\t\t<\/div>\n\t\t<\/div>\n\t\t\t\t\t<\/div>\n\t\t<\/section>\n\t\t\t\t<section class=\"elementor-section elementor-top-section elementor-element elementor-element-e9f3096 elementor-section-full_width elementor-section-height-default elementor-section-height-default\" data-id=\"e9f3096\" data-element_type=\"section\" data-e-type=\"section\">\n\t\t\t\t\t\t<div class=\"elementor-container elementor-column-gap-default\">\n\t\t\t\t\t<div class=\"elementor-column elementor-col-100 elementor-top-column elementor-element elementor-element-4137808\" data-id=\"4137808\" data-element_type=\"column\" data-e-type=\"column\">\n\t\t\t<div class=\"elementor-widget-wrap elementor-element-populated\">\n\t\t\t\t\t\t<section class=\"elementor-section elementor-inner-section elementor-element elementor-element-3499782 elementor-section-boxed elementor-section-height-default elementor-section-height-default\" data-id=\"3499782\" data-element_type=\"section\" data-e-type=\"section\" data-settings=\"{&quot;background_background&quot;:&quot;classic&quot;}\">\n\t\t\t\t\t\t<div class=\"elementor-container elementor-column-gap-default\">\n\t\t\t\t\t<div class=\"elementor-column elementor-col-100 elementor-inner-column elementor-element elementor-element-91d0df2\" data-id=\"91d0df2\" data-element_type=\"column\" data-e-type=\"column\">\n\t\t\t<div class=\"elementor-widget-wrap elementor-element-populated\">\n\t\t\t\t\t\t<div class=\"elementor-element elementor-element-010f054 elementor-widget elementor-widget-heading\" data-id=\"010f054\" data-element_type=\"widget\" data-e-type=\"widget\" data-widget_type=\"heading.default\">\n\t\t\t\t<div class=\"elementor-widget-container\">\n\t\t\t\t\t<h3 class=\"elementor-heading-title elementor-size-default\">Sobre nosotros<\/h3>\t\t\t\t<\/div>\n\t\t\t\t<\/div>\n\t\t\t\t\t<\/div>\n\t\t<\/div>\n\t\t\t\t\t<\/div>\n\t\t<\/section>\n\t\t\t\t\t<\/div>\n\t\t<\/div>\n\t\t\t\t\t<\/div>\n\t\t<\/section>\n\t\t\t\t<section class=\"elementor-section elementor-top-section elementor-element elementor-element-55f620b elementor-section-full_width elementor-section-height-default elementor-section-height-default\" data-id=\"55f620b\" data-element_type=\"section\" data-e-type=\"section\">\n\t\t\t\t\t\t<div class=\"elementor-container elementor-column-gap-default\">\n\t\t\t\t\t<div class=\"elementor-column elementor-col-100 elementor-top-column elementor-element elementor-element-12857b9\" data-id=\"12857b9\" data-element_type=\"column\" data-e-type=\"column\" data-settings=\"{&quot;background_background&quot;:&quot;classic&quot;}\">\n\t\t\t<div class=\"elementor-widget-wrap elementor-element-populated\">\n\t\t\t\t\t\t<div class=\"elementor-element elementor-element-84ad87a elementor-widget elementor-widget-text-editor\" data-id=\"84ad87a\" data-element_type=\"widget\" data-e-type=\"widget\" data-widget_type=\"text-editor.default\">\n\t\t\t\t<div class=\"elementor-widget-container\">\n\t\t\t\t\t\t\t\t\t<p><a href=\"https:\/\/www.gometrics.net\"><strong><span>Gometrics<\/span><\/strong><\/a> es una empresa l\u00edder especializada en el campo de la calibraci\u00f3n de instrumentos de proceso. <span style=\"color: rgb(58, 58, 58); font-family: var( --e-global-typography-text-font-family ), Sans-serif; font-size: var( --e-global-typography-text-font-size ); font-weight: var( --e-global-typography-text-font-weight );\">Nuestro equipo de profesionales est\u00e1 comprometido con la mejora continua y la calidad t\u00e9cnica de nuestras soluciones, as\u00ed como con la excelencia en el servicio. <\/span><\/p><p style=\"color: rgb(58, 58, 58);\">Partiendo de una especializaci\u00f3n iniciada por sus fundadores hace 50 a\u00f1os, Gometrics proporciona soluciones de calibraci\u00f3n fiables y sistemas de prueba y medici\u00f3n para las magnitudes de proceso m\u00e1s comunes en la industria.<\/p><p style=\"color: rgb(58, 58, 58);\">Mediante acuerdos exclusivos con empresas mundiales l\u00edderes en sus campos, que las convierten en aut\u00e9nticos socios estrat\u00e9gicos de Gometrics, podemos asesorar sobre las soluciones de control de procesos, calibraci\u00f3n de instrumentos y mantenimiento m\u00e1s adecuadas.<\/p><p style=\"color: rgb(58, 58, 58);\">Gometrics dispone de un laboratorio permanente y ofrece servicios de calibraci\u00f3n de instrumentos de proceso y de validaci\u00f3n de cualificaci\u00f3n de procesos sobre el terreno.<br>Como fabricante, podemos adaptarnos a todas tus peticiones.<\/p><p>Proporcionamos instrumentaci\u00f3n profesional y soluciones de calibraci\u00f3n sin fisuras que cumplen los requisitos t\u00e9cnicos y de calidad m\u00e1s exigentes. Proporcionamos&nbsp;<span><b>soluciones de hardware y software<\/b><\/span> para una amplia gama de aplicaciones de medici\u00f3n y control.&nbsp;<\/p><p><span style=\"color: rgb(58, 58, 58); font-family: var( --e-global-typography-text-font-family ), Sans-serif; font-size: var( --e-global-typography-text-font-size ); font-weight: var( --e-global-typography-text-font-weight );\">Nuestras \u00e1reas de especializaci\u00f3n t\u00e9cnica son:<\/span><\/p>\n<ul type=\"disc\">\n<li>Energ\u00eda<\/li>\n<li>Petr\u00f3leo y gas<\/li>\n<li>Qu\u00edmica<\/li>\n<li>Farmac\u00e9utica<\/li>\n<li>Aeron\u00e1utica<\/li>\n<li>Alimentaci\u00f3n y bebidas<\/li>\n<li>Automoci\u00f3n<\/li>\n<\/ul><div><br><\/div>\t\t\t\t\t\t\t\t<\/div>\n\t\t\t\t<\/div>\n\t\t\t\t\t<\/div>\n\t\t<\/div>\n\t\t\t\t\t<\/div>\n\t\t<\/section>\n\t\t\t\t<\/div>\n\t\t","protected":false},"excerpt":{"rendered":"<p>Sobre nosotros Gometrics es una empresa l\u00edder especializada en el campo de la calibraci\u00f3n de instrumentos de proceso. Nuestro equipo de profesionales est\u00e1 comprometido con la mejora continua y la calidad t\u00e9cnica de nuestras soluciones, as\u00ed como con la excelencia en el servicio. Partiendo de una especializaci\u00f3n iniciada por sus fundadores hace 50 a\u00f1os, Gometrics [&hellip;]<\/p>\n","protected":false},"author":1,"featured_media":0,"parent":0,"menu_order":0,"comment_status":"closed","ping_status":"closed","template":"elementor_header_footer","meta":{"footnotes":""},"class_list":["post-924","page","type-page","status-publish","hentry"],"yoast_head":"<!-- This site is optimized with the Yoast SEO plugin v27.4 - https:\/\/yoast.com\/product\/yoast-seo-wordpress\/ -->\n<title>Sobre nosotros - The Gas Mixer<\/title>\n<meta name=\"robots\" content=\"index, follow, max-snippet:-1, max-image-preview:large, max-video-preview:-1\" \/>\n<link rel=\"canonical\" href=\"https:\/\/www.thegasmixer.com\/es\/sobre-nosotros\/\" \/>\n<meta property=\"og:locale\" content=\"es_ES\" \/>\n<meta property=\"og:type\" content=\"article\" \/>\n<meta property=\"og:title\" content=\"Sobre nosotros - The Gas Mixer\" \/>\n<meta property=\"og:description\" content=\"Sobre nosotros Gometrics es una empresa l\u00edder especializada en el campo de la calibraci\u00f3n de instrumentos de proceso. Nuestro equipo de profesionales est\u00e1 comprometido con la mejora continua y la calidad t\u00e9cnica de nuestras soluciones, as\u00ed como con la excelencia en el servicio. Partiendo de una especializaci\u00f3n iniciada por sus fundadores hace 50 a\u00f1os, Gometrics [&hellip;]\" \/>\n<meta property=\"og:url\" content=\"https:\/\/www.thegasmixer.com\/es\/sobre-nosotros\/\" \/>\n<meta property=\"og:site_name\" content=\"The Gas Mixer\" \/>\n<meta property=\"article:modified_time\" content=\"2025-04-23T17:10:20+00:00\" \/>\n<meta name=\"twitter:card\" content=\"summary_large_image\" \/>\n<meta name=\"twitter:label1\" content=\"Tiempo de lectura\" \/>\n\t<meta name=\"twitter:data1\" content=\"1 minuto\" \/>\n<script type=\"application\/ld+json\" class=\"yoast-schema-graph\">{\"@context\":\"https:\\\/\\\/schema.org\",\"@graph\":[{\"@type\":\"WebPage\",\"@id\":\"https:\\\/\\\/www.thegasmixer.com\\\/es\\\/sobre-nosotros\\\/\",\"url\":\"https:\\\/\\\/www.thegasmixer.com\\\/es\\\/sobre-nosotros\\\/\",\"name\":\"Sobre nosotros - The Gas Mixer\",\"isPartOf\":{\"@id\":\"https:\\\/\\\/www.thegasmixer.com\\\/es\\\/#website\"},\"datePublished\":\"2023-05-15T04:34:52+00:00\",\"dateModified\":\"2025-04-23T17:10:20+00:00\",\"breadcrumb\":{\"@id\":\"https:\\\/\\\/www.thegasmixer.com\\\/es\\\/sobre-nosotros\\\/#breadcrumb\"},\"inLanguage\":\"es\",\"potentialAction\":[{\"@type\":\"ReadAction\",\"target\":[\"https:\\\/\\\/www.thegasmixer.com\\\/es\\\/sobre-nosotros\\\/\"]}]},{\"@type\":\"BreadcrumbList\",\"@id\":\"https:\\\/\\\/www.thegasmixer.com\\\/es\\\/sobre-nosotros\\\/#breadcrumb\",\"itemListElement\":[{\"@type\":\"ListItem\",\"position\":1,\"name\":\"Home\",\"item\":\"https:\\\/\\\/www.thegasmixer.com\\\/es\\\/\"},{\"@type\":\"ListItem\",\"position\":2,\"name\":\"Sobre nosotros\"}]},{\"@type\":\"WebSite\",\"@id\":\"https:\\\/\\\/www.thegasmixer.com\\\/es\\\/#website\",\"url\":\"https:\\\/\\\/www.thegasmixer.com\\\/es\\\/\",\"name\":\"The Gas Mixer\",\"description\":\"\",\"potentialAction\":[{\"@type\":\"SearchAction\",\"target\":{\"@type\":\"EntryPoint\",\"urlTemplate\":\"https:\\\/\\\/www.thegasmixer.com\\\/es\\\/?s={search_term_string}\"},\"query-input\":{\"@type\":\"PropertyValueSpecification\",\"valueRequired\":true,\"valueName\":\"search_term_string\"}}],\"inLanguage\":\"es\"}]}<\/script>\n<!-- \/ Yoast SEO plugin. -->","yoast_head_json":{"title":"Sobre nosotros - The Gas Mixer","robots":{"index":"index","follow":"follow","max-snippet":"max-snippet:-1","max-image-preview":"max-image-preview:large","max-video-preview":"max-video-preview:-1"},"canonical":"https:\/\/www.thegasmixer.com\/es\/sobre-nosotros\/","og_locale":"es_ES","og_type":"article","og_title":"Sobre nosotros - The Gas Mixer","og_description":"Sobre nosotros Gometrics es una empresa l\u00edder especializada en el campo de la calibraci\u00f3n de instrumentos de proceso. Nuestro equipo de profesionales est\u00e1 comprometido con la mejora continua y la calidad t\u00e9cnica de nuestras soluciones, as\u00ed como con la excelencia en el servicio. Partiendo de una especializaci\u00f3n iniciada por sus fundadores hace 50 a\u00f1os, Gometrics [&hellip;]","og_url":"https:\/\/www.thegasmixer.com\/es\/sobre-nosotros\/","og_site_name":"The Gas Mixer","article_modified_time":"2025-04-23T17:10:20+00:00","twitter_card":"summary_large_image","twitter_misc":{"Tiempo de lectura":"1 minuto"},"schema":{"@context":"https:\/\/schema.org","@graph":[{"@type":"WebPage","@id":"https:\/\/www.thegasmixer.com\/es\/sobre-nosotros\/","url":"https:\/\/www.thegasmixer.com\/es\/sobre-nosotros\/","name":"Sobre nosotros - The Gas Mixer","isPartOf":{"@id":"https:\/\/www.thegasmixer.com\/es\/#website"},"datePublished":"2023-05-15T04:34:52+00:00","dateModified":"2025-04-23T17:10:20+00:00","breadcrumb":{"@id":"https:\/\/www.thegasmixer.com\/es\/sobre-nosotros\/#breadcrumb"},"inLanguage":"es","potentialAction":[{"@type":"ReadAction","target":["https:\/\/www.thegasmixer.com\/es\/sobre-nosotros\/"]}]},{"@type":"BreadcrumbList","@id":"https:\/\/www.thegasmixer.com\/es\/sobre-nosotros\/#breadcrumb","itemListElement":[{"@type":"ListItem","position":1,"name":"Home","item":"https:\/\/www.thegasmixer.com\/es\/"},{"@type":"ListItem","position":2,"name":"Sobre nosotros"}]},{"@type":"WebSite","@id":"https:\/\/www.thegasmixer.com\/es\/#website","url":"https:\/\/www.thegasmixer.com\/es\/","name":"The Gas Mixer","description":"","potentialAction":[{"@type":"SearchAction","target":{"@type":"EntryPoint","urlTemplate":"https:\/\/www.thegasmixer.com\/es\/?s={search_term_string}"},"query-input":{"@type":"PropertyValueSpecification","valueRequired":true,"valueName":"search_term_string"}}],"inLanguage":"es"}]}},"_links":{"self":[{"href":"https:\/\/www.thegasmixer.com\/es\/wp-json\/wp\/v2\/pages\/924","targetHints":{"allow":["GET"]}}],"collection":[{"href":"https:\/\/www.thegasmixer.com\/es\/wp-json\/wp\/v2\/pages"}],"about":[{"href":"https:\/\/www.thegasmixer.com\/es\/wp-json\/wp\/v2\/types\/page"}],"author":[{"embeddable":true,"href":"https:\/\/www.thegasmixer.com\/es\/wp-json\/wp\/v2\/users\/1"}],"replies":[{"embeddable":true,"href":"https:\/\/www.thegasmixer.com\/es\/wp-json\/wp\/v2\/comments?post=924"}],"version-history":[{"count":2,"href":"https:\/\/www.thegasmixer.com\/es\/wp-json\/wp\/v2\/pages\/924\/revisions"}],"predecessor-version":[{"id":1555,"href":"https:\/\/www.thegasmixer.com\/es\/wp-json\/wp\/v2\/pages\/924\/revisions\/1555"}],"wp:attachment":[{"href":"https:\/\/www.thegasmixer.com\/es\/wp-json\/wp\/v2\/media?parent=924"}],"curies":[{"name":"wp","href":"https:\/\/api.w.org\/{rel}","templated":true}]}}