{"id":1641,"date":"2026-04-29T18:26:35","date_gmt":"2026-04-29T16:26:35","guid":{"rendered":"https:\/\/www.thegasmixer.com\/mgp4-mezclador-de-gases-estandar-industrial-para-laboratorios\/"},"modified":"2026-05-12T09:02:34","modified_gmt":"2026-05-12T07:02:34","slug":"mgp4-mezclador-de-gases-estandar-industrial-para-laboratorios","status":"publish","type":"page","link":"https:\/\/www.thegasmixer.com\/es\/mgp4-mezclador-de-gases-estandar-industrial-para-laboratorios\/","title":{"rendered":"MGP4 Mezclador de gases est\u00e1ndar industrial para laboratorios"},"content":{"rendered":"\t\t<div data-elementor-type=\"wp-page\" data-elementor-id=\"1641\" class=\"elementor elementor-1641 elementor-1631\" data-elementor-post-type=\"page\">\n\t\t\t\t<div class=\"elementor-element elementor-element-273ca580 e-flex e-con-boxed e-con e-parent\" data-id=\"273ca580\" data-element_type=\"container\" data-e-type=\"container\">\n\t\t\t\t\t<div class=\"e-con-inner\">\n\t\t\t\t\t<\/div>\n\t\t\t\t<\/div>\n\t\t<div class=\"elementor-element elementor-element-de901da e-con-full e-flex e-con e-parent\" data-id=\"de901da\" data-element_type=\"container\" data-e-type=\"container\">\n\t\t\t\t<div class=\"elementor-element elementor-element-ce64d1e elementor--h-position-center elementor--v-position-middle elementor-arrows-position-inside elementor-pagination-position-inside elementor-widget elementor-widget-slides\" data-id=\"ce64d1e\" data-element_type=\"widget\" data-e-type=\"widget\" data-settings=\"{&quot;transition&quot;:&quot;fade&quot;,&quot;transition_speed&quot;:1000,&quot;navigation&quot;:&quot;both&quot;,&quot;autoplay&quot;:&quot;yes&quot;,&quot;pause_on_hover&quot;:&quot;yes&quot;,&quot;pause_on_interaction&quot;:&quot;yes&quot;,&quot;autoplay_speed&quot;:5000,&quot;infinite&quot;:&quot;yes&quot;}\" data-widget_type=\"slides.default\">\n\t\t\t\t<div class=\"elementor-widget-container\">\n\t\t\t\t\t\t\t\t\t<div class=\"elementor-swiper\">\n\t\t\t\t\t<div class=\"elementor-slides-wrapper elementor-main-swiper swiper\" role=\"region\" aria-roledescription=\"carousel\" aria-label=\"Slides\" dir=\"ltr\" data-animation=\"fadeInUp\">\n\t\t\t\t<div class=\"swiper-wrapper elementor-slides\">\n\t\t\t\t\t\t\t\t\t\t<div class=\"elementor-repeater-item-9b788fc swiper-slide\" role=\"group\" aria-roledescription=\"slide\"><div class=\"swiper-slide-bg\" role=\"img\" aria-label=\"Mezclador de gas industrial-IGM\"><\/div><div class=\"swiper-slide-inner\" ><div class=\"swiper-slide-contents\"><\/div><\/div><\/div>\t\t\t\t<\/div>\n\t\t\t\t\t\t\t<\/div>\n\t\t\t\t<\/div>\n\t\t\t\t\t\t\t\t<\/div>\n\t\t\t\t<\/div>\n\t\t\t\t<\/div>\n\t\t<div class=\"elementor-element elementor-element-255756c e-flex e-con-boxed e-con e-parent\" data-id=\"255756c\" data-element_type=\"container\" data-e-type=\"container\" data-settings=\"{&quot;background_background&quot;:&quot;classic&quot;}\">\n\t\t\t\t\t<div class=\"e-con-inner\">\n\t\t\t\t<div class=\"elementor-element elementor-element-8586475 elementor-widget elementor-widget-heading\" data-id=\"8586475\" data-element_type=\"widget\" data-e-type=\"widget\" data-widget_type=\"heading.default\">\n\t\t\t\t<div class=\"elementor-widget-container\">\n\t\t\t\t\t<h3 class=\"elementor-heading-title elementor-size-default\">MGP4 Mezclador de gases est\u00e1ndar industrial para laboratorios<\/h3>\t\t\t\t<\/div>\n\t\t\t\t<\/div>\n\t\t\t\t\t<\/div>\n\t\t\t\t<\/div>\n\t\t<div class=\"elementor-element elementor-element-0b63b4d e-flex e-con-boxed e-con e-parent\" data-id=\"0b63b4d\" data-element_type=\"container\" data-e-type=\"container\">\n\t\t\t\t\t<div class=\"e-con-inner\">\n\t\t<div class=\"elementor-element elementor-element-74b86f2 e-con-full e-flex e-con e-child\" data-id=\"74b86f2\" data-element_type=\"container\" data-e-type=\"container\">\n\t\t\t\t<div class=\"elementor-element elementor-element-31c017f elementor-widget elementor-widget-text-editor\" data-id=\"31c017f\" data-element_type=\"widget\" data-e-type=\"widget\" data-widget_type=\"text-editor.default\">\n\t\t\t\t<div class=\"elementor-widget-container\">\n\t\t\t\t\t\t\t\t\t<p>El MGP4 es un mezclador de gases de la familia MGP para laboratorios que requieren una mezcla de gases de alta precisi\u00f3n en sus procesos industriales.<\/p><p>El MGP4 es un mezclador de gases de la familia MGP para laboratorios que requieren una mezcla de gases de alta precisi\u00f3n en sus procesos industriales.<\/p><p>Mezcla hasta 8 gases diferentes de forma r\u00e1pida, segura y uniforme, todo ello desde una intuitiva pantalla t\u00e1ctil de 10\u2033.<\/p><p>El MGP4 incorpora controladores de caudal m\u00e1sico de alto rendimiento capaces de alcanzar una precisi\u00f3n de \u00b11% y una repetibilidad de \u00b10,25% en cada canal activo.<\/p><p>Compatible con una amplia variedad de gases, como NO, SO\u2082, NO\u2082, CO, CO\u2082, O\u2082, N\u2082, H\u2082S, NH\u2083 y m\u00e1s (con opci\u00f3n de oxidante cuando sea necesario), se adapta a los retos m\u00e1s exigentes de calibraci\u00f3n o simulaci\u00f3n de atm\u00f3sferas.<\/p><p>La homogeneidad est\u00e1 garantizada gracias a un m\u00e9todo de mezcla patentado que asegura una distribuci\u00f3n perfecta del gas, incluso en configuraciones avanzadas.<\/p>\t\t\t\t\t\t\t\t<\/div>\n\t\t\t\t<\/div>\n\t\t\t\t<div class=\"elementor-element elementor-element-988d824 elementor-widget elementor-widget-heading\" data-id=\"988d824\" data-element_type=\"widget\" data-e-type=\"widget\" data-widget_type=\"heading.default\">\n\t\t\t\t<div class=\"elementor-widget-container\">\n\t\t\t\t\t<h4 class=\"elementor-heading-title elementor-size-default\">Caracter\u00edsticas<\/h4>\t\t\t\t<\/div>\n\t\t\t\t<\/div>\n\t\t\t\t<div class=\"elementor-element elementor-element-b74beea elementor-widget elementor-widget-text-editor\" data-id=\"b74beea\" data-element_type=\"widget\" data-e-type=\"widget\" data-widget_type=\"text-editor.default\">\n\t\t\t\t<div class=\"elementor-widget-container\">\n\t\t\t\t\t\t\t\t\t<ul><li>F\u00e1cil diluci\u00f3n y generaci\u00f3n de mezclas<\/li><li>Pantalla t\u00e1ctil<\/li><li>Automatizaci\u00f3n de secuencias<\/li><li>Se puede conectar a un PC externo<\/li><li>Fiabilidad y repetibilidad<\/li><li>Seguridad y durabilidad<\/li><\/ul>\t\t\t\t\t\t\t\t<\/div>\n\t\t\t\t<\/div>\n\t\t\t\t<div class=\"elementor-element elementor-element-6218533 elementor-widget elementor-widget-heading\" data-id=\"6218533\" data-element_type=\"widget\" data-e-type=\"widget\" data-widget_type=\"heading.default\">\n\t\t\t\t<div class=\"elementor-widget-container\">\n\t\t\t\t\t<h4 class=\"elementor-heading-title elementor-size-default\">Ventajas<\/h4>\t\t\t\t<\/div>\n\t\t\t\t<\/div>\n\t\t\t\t<div class=\"elementor-element elementor-element-5f6d8de elementor-widget elementor-widget-text-editor\" data-id=\"5f6d8de\" data-element_type=\"widget\" data-e-type=\"widget\" data-widget_type=\"text-editor.default\">\n\t\t\t\t<div class=\"elementor-widget-container\">\n\t\t\t\t\t\t\t\t\t<ul><li>Pantalla t\u00e1ctil de 10\u2033 para la mezcla de gases desde el propio equipo<\/li><li>Material de contacto: Acero inoxidable AISI-316 y juntas t\u00f3ricas de Buna-N y\/o Viton<\/li><li>Mezcla de dos canales de control de caudal independientes y simult\u00e1neos para mezclar (hasta 8 canales opcionales disponibles)<\/li><\/ul>\t\t\t\t\t\t\t\t<\/div>\n\t\t\t\t<\/div>\n\t\t\t\t<div class=\"elementor-element elementor-element-606880b elementor-widget elementor-widget-heading\" data-id=\"606880b\" data-element_type=\"widget\" data-e-type=\"widget\" data-widget_type=\"heading.default\">\n\t\t\t\t<div class=\"elementor-widget-container\">\n\t\t\t\t\t<h4 class=\"elementor-heading-title elementor-size-default\">Aplicaciones<\/h4>\t\t\t\t<\/div>\n\t\t\t\t<\/div>\n\t\t\t\t<div class=\"elementor-element elementor-element-a3ff26e elementor-widget elementor-widget-text-editor\" data-id=\"a3ff26e\" data-element_type=\"widget\" data-e-type=\"widget\" data-widget_type=\"text-editor.default\">\n\t\t\t\t<div class=\"elementor-widget-container\">\n\t\t\t\t\t\t\t\t\t<ul><li>Preparaci\u00f3n de mezclas (binarias, ternarias, etc.)<\/li><li>Calibraci\u00f3n de detectores y analizadores de gas<\/li><li>Estudios de linealidad de los analizadores de gases<\/li><li>Caracterizaci\u00f3n de los sensores de gas<\/li><li>Preparaci\u00f3n de atm\u00f3sferas controladas para an\u00e1lisis<\/li><\/ul>\t\t\t\t\t\t\t\t<\/div>\n\t\t\t\t<\/div>\n\t\t\t\t<div class=\"elementor-element elementor-element-1a4bfbe elementor-widget elementor-widget-heading\" data-id=\"1a4bfbe\" data-element_type=\"widget\" data-e-type=\"widget\" data-widget_type=\"heading.default\">\n\t\t\t\t<div class=\"elementor-widget-container\">\n\t\t\t\t\t<h4 class=\"elementor-heading-title elementor-size-default\">Caracter\u00edsticas t\u00e9cnicas<\/h4>\t\t\t\t<\/div>\n\t\t\t\t<\/div>\n\t\t\t\t<div class=\"elementor-element elementor-element-e1d0670 elementor-widget elementor-widget-text-editor\" data-id=\"e1d0670\" data-element_type=\"widget\" data-e-type=\"widget\" data-widget_type=\"text-editor.default\">\n\t\t\t\t<div class=\"elementor-widget-container\">\n\t\t\t\t\t\t\t\t\t<table class=\"tabla\" border=\"1\" width=\"600\" cellspacing=\"0\" cellpadding=\"0\" align=\"left\"><tbody><tr><td class=\"lecol66\"><strong>Presi\u00f3n de alimentaci\u00f3n<\/strong><\/td><td class=\"lecolss66\">60 bar abs<\/td><\/tr><tr><td class=\"lecol66\"><strong>Gas de alimentaci\u00f3n<\/strong><\/td><td class=\"lecolss66\">Tipo de gas y componentes configurables<\/td><\/tr><tr><td class=\"lecol66\"><strong>Fuente de alimentaci\u00f3n<\/strong><\/td><td class=\"lecolss66\">100-260 VCA, 50\/60 Hz, 120 W<\/td><\/tr><tr><td class=\"lecol66\"><strong>Material de contacto<\/strong><\/td><td class=\"lecolss66\">Acero inoxidable AISI-316 y juntas t\u00f3ricas de Buna-N y\/o Viton<\/td><\/tr><tr><td class=\"lecol66\"><strong>Capacidad de generaci\u00f3n de mezcla<\/strong><\/td><td class=\"lecolss66\">Permite cualquier combinaci\u00f3n de puntos de trabajo para los canales activados<\/td><\/tr><tr><td class=\"lecol66\"><strong>Rangos de caudal controlables por canal<\/strong><\/td><td class=\"lecolss66\">Profundidades m\u00e1ximas de escala por canal desde 8 sccm hasta 15 slm (otros caudales bajo pedido). Los canales pueden tener diferentes profundidades de escala <\/td><\/tr><tr><td class=\"lecol66\"><strong>Caudal m\u00e1ximo de salida (mezclado)<\/strong><\/td><td class=\"lecolss66\">Viene dado por la suma de los caudales individuales (hasta 15 slm).<\/td><\/tr><tr><td class=\"lecol66\"><strong>Precisi\u00f3n y repetibilidad por canal<\/strong><\/td><td class=\"lecolss66\"><p>Repetibilidad: \u00b1 0,25% de la lectura<\/p><p>Precisi\u00f3n: \u00b1 1% de la lectura (\u00b1 20% a 100% del fondo de escala) *<\/p><\/td><\/tr><tr><td class=\"lecol66\"><strong>Conexiones<\/strong><\/td><td class=\"lecolss66\">1\/4&#8243; o 1\/8&#8243; BSP Swagelok\u00ae (conector r\u00e1pido opcional). Max. caudal total de salida: determinado por caudal\u00edmetros m\u00e1sicos<\/td><\/tr><tr><td class=\"lecol66\"><strong>Peso<\/strong><\/td><td class=\"lecolss66\">21 kg<\/td><\/tr><tr><td class=\"lecol66\"><strong>Dimensiones<\/strong><\/td><td class=\"lecolss66\">406 x 265 x 554 mm (ancho x alto x fondo)<\/td><\/tr><tr><td class=\"lecol66\"><strong>Certificados<\/strong><\/td><td class=\"lecolss66\">Certificado trazable seg\u00fan procedimiento interno y ENAC (opcional)<\/td><\/tr><tr><td class=\"lecol66\"><strong>Garant\u00eda<\/strong><\/td><td class=\"lecolss66\">1 a\u00f1o<\/td><\/tr><\/tbody><\/table>\t\t\t\t\t\t\t\t<\/div>\n\t\t\t\t<\/div>\n\t\t\t\t<\/div>\n\t\t\t\t\t<\/div>\n\t\t\t\t<\/div>\n\t\t\t\t<\/div>\n\t\t","protected":false},"excerpt":{"rendered":"<p>MGP4 Mezclador de gases est\u00e1ndar industrial para laboratorios El MGP4 es un mezclador de gases de la familia MGP para laboratorios que requieren una mezcla de gases de alta precisi\u00f3n en sus procesos industriales. El MGP4 es un mezclador de gases de la familia MGP para laboratorios que requieren una mezcla de gases de alta [&hellip;]<\/p>\n","protected":false},"author":1,"featured_media":0,"parent":0,"menu_order":0,"comment_status":"closed","ping_status":"closed","template":"elementor_header_footer","meta":{"footnotes":""},"class_list":["post-1641","page","type-page","status-publish","hentry"],"yoast_head":"<!-- This site is optimized with the Yoast SEO plugin v27.6 - https:\/\/yoast.com\/product\/yoast-seo-wordpress\/ -->\n<title>MGP4 Mezclador de gases est\u00e1ndar industrial para laboratorios - The Gas Mixer<\/title>\n<meta name=\"robots\" content=\"index, follow, max-snippet:-1, max-image-preview:large, max-video-preview:-1\" \/>\n<link rel=\"canonical\" href=\"https:\/\/www.thegasmixer.com\/es\/mgp4-mezclador-de-gases-estandar-industrial-para-laboratorios\/\" \/>\n<meta property=\"og:locale\" content=\"es_ES\" \/>\n<meta property=\"og:type\" content=\"article\" \/>\n<meta property=\"og:title\" content=\"MGP4 Mezclador de gases est\u00e1ndar industrial para laboratorios - The Gas Mixer\" \/>\n<meta property=\"og:description\" content=\"MGP4 Mezclador de gases est\u00e1ndar industrial para laboratorios El MGP4 es un mezclador de gases de la familia MGP para laboratorios que requieren una mezcla de gases de alta precisi\u00f3n en sus procesos industriales. El MGP4 es un mezclador de gases de la familia MGP para laboratorios que requieren una mezcla de gases de alta [&hellip;]\" \/>\n<meta property=\"og:url\" content=\"https:\/\/www.thegasmixer.com\/es\/mgp4-mezclador-de-gases-estandar-industrial-para-laboratorios\/\" \/>\n<meta property=\"og:site_name\" content=\"The Gas Mixer\" \/>\n<meta property=\"article:modified_time\" content=\"2026-05-12T07:02:34+00:00\" \/>\n<meta name=\"twitter:card\" content=\"summary_large_image\" \/>\n<meta name=\"twitter:label1\" content=\"Tiempo de lectura\" \/>\n\t<meta name=\"twitter:data1\" content=\"2 minutos\" \/>\n<script type=\"application\/ld+json\" class=\"yoast-schema-graph\">{\"@context\":\"https:\\\/\\\/schema.org\",\"@graph\":[{\"@type\":\"WebPage\",\"@id\":\"https:\\\/\\\/www.thegasmixer.com\\\/es\\\/mgp4-mezclador-de-gases-estandar-industrial-para-laboratorios\\\/\",\"url\":\"https:\\\/\\\/www.thegasmixer.com\\\/es\\\/mgp4-mezclador-de-gases-estandar-industrial-para-laboratorios\\\/\",\"name\":\"MGP4 Mezclador de gases est\u00e1ndar industrial para laboratorios - The Gas Mixer\",\"isPartOf\":{\"@id\":\"https:\\\/\\\/www.thegasmixer.com\\\/es\\\/#website\"},\"datePublished\":\"2026-04-29T16:26:35+00:00\",\"dateModified\":\"2026-05-12T07:02:34+00:00\",\"breadcrumb\":{\"@id\":\"https:\\\/\\\/www.thegasmixer.com\\\/es\\\/mgp4-mezclador-de-gases-estandar-industrial-para-laboratorios\\\/#breadcrumb\"},\"inLanguage\":\"es\",\"potentialAction\":[{\"@type\":\"ReadAction\",\"target\":[\"https:\\\/\\\/www.thegasmixer.com\\\/es\\\/mgp4-mezclador-de-gases-estandar-industrial-para-laboratorios\\\/\"]}]},{\"@type\":\"BreadcrumbList\",\"@id\":\"https:\\\/\\\/www.thegasmixer.com\\\/es\\\/mgp4-mezclador-de-gases-estandar-industrial-para-laboratorios\\\/#breadcrumb\",\"itemListElement\":[{\"@type\":\"ListItem\",\"position\":1,\"name\":\"Home\",\"item\":\"https:\\\/\\\/www.thegasmixer.com\\\/es\\\/\"},{\"@type\":\"ListItem\",\"position\":2,\"name\":\"MGP4 Mezclador de gases est\u00e1ndar industrial para laboratorios\"}]},{\"@type\":\"WebSite\",\"@id\":\"https:\\\/\\\/www.thegasmixer.com\\\/es\\\/#website\",\"url\":\"https:\\\/\\\/www.thegasmixer.com\\\/es\\\/\",\"name\":\"The Gas Mixer\",\"description\":\"\",\"potentialAction\":[{\"@type\":\"SearchAction\",\"target\":{\"@type\":\"EntryPoint\",\"urlTemplate\":\"https:\\\/\\\/www.thegasmixer.com\\\/es\\\/?s={search_term_string}\"},\"query-input\":{\"@type\":\"PropertyValueSpecification\",\"valueRequired\":true,\"valueName\":\"search_term_string\"}}],\"inLanguage\":\"es\"}]}<\/script>\n<!-- \/ Yoast SEO plugin. -->","yoast_head_json":{"title":"MGP4 Mezclador de gases est\u00e1ndar industrial para laboratorios - The Gas Mixer","robots":{"index":"index","follow":"follow","max-snippet":"max-snippet:-1","max-image-preview":"max-image-preview:large","max-video-preview":"max-video-preview:-1"},"canonical":"https:\/\/www.thegasmixer.com\/es\/mgp4-mezclador-de-gases-estandar-industrial-para-laboratorios\/","og_locale":"es_ES","og_type":"article","og_title":"MGP4 Mezclador de gases est\u00e1ndar industrial para laboratorios - The Gas Mixer","og_description":"MGP4 Mezclador de gases est\u00e1ndar industrial para laboratorios El MGP4 es un mezclador de gases de la familia MGP para laboratorios que requieren una mezcla de gases de alta precisi\u00f3n en sus procesos industriales. El MGP4 es un mezclador de gases de la familia MGP para laboratorios que requieren una mezcla de gases de alta [&hellip;]","og_url":"https:\/\/www.thegasmixer.com\/es\/mgp4-mezclador-de-gases-estandar-industrial-para-laboratorios\/","og_site_name":"The Gas Mixer","article_modified_time":"2026-05-12T07:02:34+00:00","twitter_card":"summary_large_image","twitter_misc":{"Tiempo de lectura":"2 minutos"},"schema":{"@context":"https:\/\/schema.org","@graph":[{"@type":"WebPage","@id":"https:\/\/www.thegasmixer.com\/es\/mgp4-mezclador-de-gases-estandar-industrial-para-laboratorios\/","url":"https:\/\/www.thegasmixer.com\/es\/mgp4-mezclador-de-gases-estandar-industrial-para-laboratorios\/","name":"MGP4 Mezclador de gases est\u00e1ndar industrial para laboratorios - The Gas Mixer","isPartOf":{"@id":"https:\/\/www.thegasmixer.com\/es\/#website"},"datePublished":"2026-04-29T16:26:35+00:00","dateModified":"2026-05-12T07:02:34+00:00","breadcrumb":{"@id":"https:\/\/www.thegasmixer.com\/es\/mgp4-mezclador-de-gases-estandar-industrial-para-laboratorios\/#breadcrumb"},"inLanguage":"es","potentialAction":[{"@type":"ReadAction","target":["https:\/\/www.thegasmixer.com\/es\/mgp4-mezclador-de-gases-estandar-industrial-para-laboratorios\/"]}]},{"@type":"BreadcrumbList","@id":"https:\/\/www.thegasmixer.com\/es\/mgp4-mezclador-de-gases-estandar-industrial-para-laboratorios\/#breadcrumb","itemListElement":[{"@type":"ListItem","position":1,"name":"Home","item":"https:\/\/www.thegasmixer.com\/es\/"},{"@type":"ListItem","position":2,"name":"MGP4 Mezclador de gases est\u00e1ndar industrial para laboratorios"}]},{"@type":"WebSite","@id":"https:\/\/www.thegasmixer.com\/es\/#website","url":"https:\/\/www.thegasmixer.com\/es\/","name":"The Gas Mixer","description":"","potentialAction":[{"@type":"SearchAction","target":{"@type":"EntryPoint","urlTemplate":"https:\/\/www.thegasmixer.com\/es\/?s={search_term_string}"},"query-input":{"@type":"PropertyValueSpecification","valueRequired":true,"valueName":"search_term_string"}}],"inLanguage":"es"}]}},"_links":{"self":[{"href":"https:\/\/www.thegasmixer.com\/es\/wp-json\/wp\/v2\/pages\/1641","targetHints":{"allow":["GET"]}}],"collection":[{"href":"https:\/\/www.thegasmixer.com\/es\/wp-json\/wp\/v2\/pages"}],"about":[{"href":"https:\/\/www.thegasmixer.com\/es\/wp-json\/wp\/v2\/types\/page"}],"author":[{"embeddable":true,"href":"https:\/\/www.thegasmixer.com\/es\/wp-json\/wp\/v2\/users\/1"}],"replies":[{"embeddable":true,"href":"https:\/\/www.thegasmixer.com\/es\/wp-json\/wp\/v2\/comments?post=1641"}],"version-history":[{"count":1,"href":"https:\/\/www.thegasmixer.com\/es\/wp-json\/wp\/v2\/pages\/1641\/revisions"}],"predecessor-version":[{"id":1643,"href":"https:\/\/www.thegasmixer.com\/es\/wp-json\/wp\/v2\/pages\/1641\/revisions\/1643"}],"wp:attachment":[{"href":"https:\/\/www.thegasmixer.com\/es\/wp-json\/wp\/v2\/media?parent=1641"}],"curies":[{"name":"wp","href":"https:\/\/api.w.org\/{rel}","templated":true}]}}