{"id":929,"date":"2023-05-15T06:33:16","date_gmt":"2023-05-15T04:33:16","guid":{"rendered":"https:\/\/www.thegasmixer.com\/startseite\/"},"modified":"2026-02-21T13:58:51","modified_gmt":"2026-02-21T12:58:51","slug":"startseite","status":"publish","type":"page","link":"https:\/\/www.thegasmixer.com\/de\/","title":{"rendered":"Startseite"},"content":{"rendered":"\t\t<div data-elementor-type=\"wp-page\" data-elementor-id=\"929\" class=\"elementor elementor-929 elementor-14\" data-elementor-post-type=\"page\">\n\t\t\t\t\t\t<section class=\"elementor-section elementor-top-section elementor-element elementor-element-37b5ae8 elementor-section-stretched elementor-section-full_width elementor-section-height-default elementor-section-height-default\" data-id=\"37b5ae8\" data-element_type=\"section\" data-e-type=\"section\" data-settings=\"{&quot;stretch_section&quot;:&quot;section-stretched&quot;}\">\n\t\t\t\t\t\t<div class=\"elementor-container elementor-column-gap-default\">\n\t\t\t\t\t<div class=\"elementor-column elementor-col-100 elementor-top-column elementor-element elementor-element-587a4fd\" data-id=\"587a4fd\" data-element_type=\"column\" data-e-type=\"column\">\n\t\t\t<div class=\"elementor-widget-wrap elementor-element-populated\">\n\t\t\t\t\t\t<div class=\"elementor-element elementor-element-cccd5d2 elementor--h-position-center elementor--v-position-middle elementor-arrows-position-inside elementor-pagination-position-inside elementor-widget elementor-widget-slides\" data-id=\"cccd5d2\" data-element_type=\"widget\" data-e-type=\"widget\" data-settings=\"{&quot;transition&quot;:&quot;fade&quot;,&quot;transition_speed&quot;:1000,&quot;navigation&quot;:&quot;both&quot;,&quot;autoplay&quot;:&quot;yes&quot;,&quot;pause_on_hover&quot;:&quot;yes&quot;,&quot;pause_on_interaction&quot;:&quot;yes&quot;,&quot;autoplay_speed&quot;:5000,&quot;infinite&quot;:&quot;yes&quot;}\" data-widget_type=\"slides.default\">\n\t\t\t\t<div class=\"elementor-widget-container\">\n\t\t\t\t\t\t\t\t\t<div class=\"elementor-swiper\">\n\t\t\t\t\t<div class=\"elementor-slides-wrapper elementor-main-swiper swiper\" role=\"region\" aria-roledescription=\"carousel\" aria-label=\"Slides\" dir=\"ltr\" data-animation=\"fadeInUp\">\n\t\t\t\t<div class=\"swiper-wrapper elementor-slides\">\n\t\t\t\t\t\t\t\t\t\t<div class=\"elementor-repeater-item-9b788fc swiper-slide\" role=\"group\" aria-roledescription=\"slide\"><div class=\"swiper-slide-bg\" role=\"img\" aria-label=\"gas-mixer-slide\"><\/div><div class=\"swiper-slide-inner\" ><div class=\"swiper-slide-contents\"><\/div><\/div><\/div>\t\t\t\t<\/div>\n\t\t\t\t\t\t\t<\/div>\n\t\t\t\t<\/div>\n\t\t\t\t\t\t\t\t<\/div>\n\t\t\t\t<\/div>\n\t\t\t\t\t<\/div>\n\t\t<\/div>\n\t\t\t\t\t<\/div>\n\t\t<\/section>\n\t\t\t\t<section class=\"elementor-section elementor-top-section elementor-element elementor-element-60f79c9 elementor-section-full_width elementor-section-height-default elementor-section-height-default\" data-id=\"60f79c9\" data-element_type=\"section\" data-e-type=\"section\">\n\t\t\t\t\t\t<div class=\"elementor-container elementor-column-gap-default\">\n\t\t\t\t\t<div class=\"elementor-column elementor-col-50 elementor-top-column elementor-element elementor-element-0022650\" data-id=\"0022650\" data-element_type=\"column\" data-e-type=\"column\" data-settings=\"{&quot;background_background&quot;:&quot;classic&quot;}\">\n\t\t\t<div class=\"elementor-widget-wrap elementor-element-populated\">\n\t\t\t\t\t\t<div class=\"elementor-element elementor-element-4833c3a elementor-widget elementor-widget-heading\" data-id=\"4833c3a\" data-element_type=\"widget\" data-e-type=\"widget\" data-widget_type=\"heading.default\">\n\t\t\t\t<div class=\"elementor-widget-container\">\n\t\t\t\t\t<h4 class=\"elementor-heading-title elementor-size-default\">Genauigkeit Gasmischer<\/h4>\t\t\t\t<\/div>\n\t\t\t\t<\/div>\n\t\t\t\t<div class=\"elementor-element elementor-element-4e06808 elementor-widget elementor-widget-text-editor\" data-id=\"4e06808\" data-element_type=\"widget\" data-e-type=\"widget\" data-widget_type=\"text-editor.default\">\n\t\t\t\t<div class=\"elementor-widget-container\">\n\t\t\t\t\t\t\t\t\t<p>Eine Gruppe von leidenschaftlichen Ingenieuren und Technikern bei Gometrics hat zusammen mit einem besonderen Willen zur Innovation eine Maschine geschaffen, die eine eigene Seele hat. Das Ergebnis ist ein wirklich ausgereiftes Gasmischger\u00e4t, das sich ideal f\u00fcr Gaslabore und wissenschaftliche Forschung eignet. Unsere Ingenieure haben Pr\u00e4zision, Vielseitigkeit, Benutzerfreundlichkeit und Sicherheit in den Vordergrund gestellt. Besonderes Augenmerk haben wir auch auf die Benutzeroberfl\u00e4che gelegt, um ihre N\u00fctzlichkeit und Ergonomie zu maximieren.<\/p>\n<p>Der Gasmischer MGP-2 wurde in Zusammenarbeit mit dem Fachbereich Physik der Universit\u00e4t Barcelona entwickelt und wird seither erfolgreich in verschiedenen Organisationen in den Bereichen Energie, \u00d6l und Gas, Biowissenschaften, Forschung und Wissenschaft eingesetzt. Wir sind sicher, dass der Gasmischer MGP-2 Ihnen bei Ihren Verfahren oder Projekten helfen kann.<\/p>\n<p><br><\/p>\t\t\t\t\t\t\t\t<\/div>\n\t\t\t\t<\/div>\n\t\t\t\t\t<\/div>\n\t\t<\/div>\n\t\t\t\t<div class=\"elementor-column elementor-col-50 elementor-top-column elementor-element elementor-element-fe463af\" data-id=\"fe463af\" data-element_type=\"column\" data-e-type=\"column\">\n\t\t\t<div class=\"elementor-widget-wrap elementor-element-populated\">\n\t\t\t\t\t\t<div class=\"elementor-element elementor-element-caa324f elementor-widget elementor-widget-video\" data-id=\"caa324f\" data-element_type=\"widget\" data-e-type=\"widget\" data-settings=\"{&quot;video_type&quot;:&quot;vimeo&quot;,&quot;mute&quot;:&quot;yes&quot;,&quot;loop&quot;:&quot;yes&quot;}\" data-widget_type=\"video.default\">\n\t\t\t\t<div class=\"elementor-widget-container\">\n\t\t\t\t\t\t\t<div class=\"elementor-wrapper elementor-open-inline\">\n\t\t\t<iframe class=\"elementor-video-iframe\" allowfullscreen allow=\"clipboard-write\" title=\"vimeo Video Player\" src=\"https:\/\/player.vimeo.com\/video\/724926776?color&amp;autopause=0&amp;loop=1&amp;muted=1&amp;title=0&amp;portrait=0&amp;byline=0#t=\"><\/iframe>\t\t<\/div>\n\t\t\t\t\t\t<\/div>\n\t\t\t\t<\/div>\n\t\t\t\t\t<\/div>\n\t\t<\/div>\n\t\t\t\t\t<\/div>\n\t\t<\/section>\n\t\t\t\t<\/div>\n\t\t","protected":false},"excerpt":{"rendered":"<p>Genauigkeit Gasmischer Eine Gruppe von leidenschaftlichen Ingenieuren und Technikern bei Gometrics hat zusammen mit einem besonderen Willen zur Innovation eine Maschine geschaffen, die eine eigene Seele hat. Das Ergebnis ist ein wirklich ausgereiftes Gasmischger\u00e4t, das sich ideal f\u00fcr Gaslabore und wissenschaftliche Forschung eignet. Unsere Ingenieure haben Pr\u00e4zision, Vielseitigkeit, Benutzerfreundlichkeit und Sicherheit in den Vordergrund gestellt. [&hellip;]<\/p>\n","protected":false},"author":1,"featured_media":0,"parent":0,"menu_order":0,"comment_status":"closed","ping_status":"closed","template":"elementor_header_footer","meta":{"footnotes":""},"class_list":["post-929","page","type-page","status-publish","hentry"],"yoast_head":"<!-- This site is optimized with the Yoast SEO plugin v27.4 - https:\/\/yoast.com\/product\/yoast-seo-wordpress\/ -->\n<title>Genauigkeitsgasmischer von Gometrics Instruments<\/title>\n<meta name=\"description\" content=\"Das MGP-2 Gas wird erfolgreich in verschiedenen Organisationen in verschiedenen M\u00e4rkten wie Energie, \u00d6l &amp; Gas, Life Sciences\" \/>\n<meta name=\"robots\" content=\"index, follow, max-snippet:-1, max-image-preview:large, max-video-preview:-1\" \/>\n<link rel=\"canonical\" href=\"https:\/\/www.thegasmixer.com\/de\/\" \/>\n<meta property=\"og:locale\" content=\"de_DE\" \/>\n<meta property=\"og:type\" content=\"article\" \/>\n<meta property=\"og:title\" content=\"Genauigkeitsgasmischer von Gometrics Instruments\" \/>\n<meta property=\"og:description\" content=\"Das MGP-2 Gas wird erfolgreich in verschiedenen Organisationen in verschiedenen M\u00e4rkten wie Energie, \u00d6l &amp; Gas, Life Sciences\" \/>\n<meta property=\"og:url\" content=\"https:\/\/www.thegasmixer.com\/de\/\" \/>\n<meta property=\"og:site_name\" content=\"The Gas Mixer\" \/>\n<meta property=\"article:modified_time\" content=\"2026-02-21T12:58:51+00:00\" \/>\n<meta name=\"twitter:card\" content=\"summary_large_image\" \/>\n<meta name=\"twitter:label1\" content=\"Gesch\u00e4tzte Lesezeit\" \/>\n\t<meta name=\"twitter:data1\" content=\"1\u00a0Minute\" \/>\n<script type=\"application\/ld+json\" class=\"yoast-schema-graph\">{\"@context\":\"https:\\\/\\\/schema.org\",\"@graph\":[{\"@type\":\"WebPage\",\"@id\":\"https:\\\/\\\/www.thegasmixer.com\\\/de\\\/\",\"url\":\"https:\\\/\\\/www.thegasmixer.com\\\/de\\\/\",\"name\":\"Genauigkeitsgasmischer von Gometrics Instruments\",\"isPartOf\":{\"@id\":\"https:\\\/\\\/www.thegasmixer.com\\\/de\\\/#website\"},\"datePublished\":\"2023-05-15T04:33:16+00:00\",\"dateModified\":\"2026-02-21T12:58:51+00:00\",\"description\":\"Das MGP-2 Gas wird erfolgreich in verschiedenen Organisationen in verschiedenen M\u00e4rkten wie Energie, \u00d6l & Gas, Life Sciences\",\"breadcrumb\":{\"@id\":\"https:\\\/\\\/www.thegasmixer.com\\\/de\\\/#breadcrumb\"},\"inLanguage\":\"de\",\"potentialAction\":[{\"@type\":\"ReadAction\",\"target\":[\"https:\\\/\\\/www.thegasmixer.com\\\/de\\\/\"]}]},{\"@type\":\"BreadcrumbList\",\"@id\":\"https:\\\/\\\/www.thegasmixer.com\\\/de\\\/#breadcrumb\",\"itemListElement\":[{\"@type\":\"ListItem\",\"position\":1,\"name\":\"Home\",\"item\":\"https:\\\/\\\/www.thegasmixer.com\\\/de\\\/\"},{\"@type\":\"ListItem\",\"position\":2,\"name\":\"Startseite\"}]},{\"@type\":\"WebSite\",\"@id\":\"https:\\\/\\\/www.thegasmixer.com\\\/de\\\/#website\",\"url\":\"https:\\\/\\\/www.thegasmixer.com\\\/de\\\/\",\"name\":\"The Gas Mixer\",\"description\":\"\",\"potentialAction\":[{\"@type\":\"SearchAction\",\"target\":{\"@type\":\"EntryPoint\",\"urlTemplate\":\"https:\\\/\\\/www.thegasmixer.com\\\/de\\\/?s={search_term_string}\"},\"query-input\":{\"@type\":\"PropertyValueSpecification\",\"valueRequired\":true,\"valueName\":\"search_term_string\"}}],\"inLanguage\":\"de\"}]}<\/script>\n<!-- \/ Yoast SEO plugin. -->","yoast_head_json":{"title":"Genauigkeitsgasmischer von Gometrics Instruments","description":"Das MGP-2 Gas wird erfolgreich in verschiedenen Organisationen in verschiedenen M\u00e4rkten wie Energie, \u00d6l & Gas, Life Sciences","robots":{"index":"index","follow":"follow","max-snippet":"max-snippet:-1","max-image-preview":"max-image-preview:large","max-video-preview":"max-video-preview:-1"},"canonical":"https:\/\/www.thegasmixer.com\/de\/","og_locale":"de_DE","og_type":"article","og_title":"Genauigkeitsgasmischer von Gometrics Instruments","og_description":"Das MGP-2 Gas wird erfolgreich in verschiedenen Organisationen in verschiedenen M\u00e4rkten wie Energie, \u00d6l & Gas, Life Sciences","og_url":"https:\/\/www.thegasmixer.com\/de\/","og_site_name":"The Gas Mixer","article_modified_time":"2026-02-21T12:58:51+00:00","twitter_card":"summary_large_image","twitter_misc":{"Gesch\u00e4tzte Lesezeit":"1\u00a0Minute"},"schema":{"@context":"https:\/\/schema.org","@graph":[{"@type":"WebPage","@id":"https:\/\/www.thegasmixer.com\/de\/","url":"https:\/\/www.thegasmixer.com\/de\/","name":"Genauigkeitsgasmischer von Gometrics Instruments","isPartOf":{"@id":"https:\/\/www.thegasmixer.com\/de\/#website"},"datePublished":"2023-05-15T04:33:16+00:00","dateModified":"2026-02-21T12:58:51+00:00","description":"Das MGP-2 Gas wird erfolgreich in verschiedenen Organisationen in verschiedenen M\u00e4rkten wie Energie, \u00d6l & Gas, Life Sciences","breadcrumb":{"@id":"https:\/\/www.thegasmixer.com\/de\/#breadcrumb"},"inLanguage":"de","potentialAction":[{"@type":"ReadAction","target":["https:\/\/www.thegasmixer.com\/de\/"]}]},{"@type":"BreadcrumbList","@id":"https:\/\/www.thegasmixer.com\/de\/#breadcrumb","itemListElement":[{"@type":"ListItem","position":1,"name":"Home","item":"https:\/\/www.thegasmixer.com\/de\/"},{"@type":"ListItem","position":2,"name":"Startseite"}]},{"@type":"WebSite","@id":"https:\/\/www.thegasmixer.com\/de\/#website","url":"https:\/\/www.thegasmixer.com\/de\/","name":"The Gas Mixer","description":"","potentialAction":[{"@type":"SearchAction","target":{"@type":"EntryPoint","urlTemplate":"https:\/\/www.thegasmixer.com\/de\/?s={search_term_string}"},"query-input":{"@type":"PropertyValueSpecification","valueRequired":true,"valueName":"search_term_string"}}],"inLanguage":"de"}]}},"_links":{"self":[{"href":"https:\/\/www.thegasmixer.com\/de\/wp-json\/wp\/v2\/pages\/929","targetHints":{"allow":["GET"]}}],"collection":[{"href":"https:\/\/www.thegasmixer.com\/de\/wp-json\/wp\/v2\/pages"}],"about":[{"href":"https:\/\/www.thegasmixer.com\/de\/wp-json\/wp\/v2\/types\/page"}],"author":[{"embeddable":true,"href":"https:\/\/www.thegasmixer.com\/de\/wp-json\/wp\/v2\/users\/1"}],"replies":[{"embeddable":true,"href":"https:\/\/www.thegasmixer.com\/de\/wp-json\/wp\/v2\/comments?post=929"}],"version-history":[{"count":3,"href":"https:\/\/www.thegasmixer.com\/de\/wp-json\/wp\/v2\/pages\/929\/revisions"}],"predecessor-version":[{"id":1588,"href":"https:\/\/www.thegasmixer.com\/de\/wp-json\/wp\/v2\/pages\/929\/revisions\/1588"}],"wp:attachment":[{"href":"https:\/\/www.thegasmixer.com\/de\/wp-json\/wp\/v2\/media?parent=929"}],"curies":[{"name":"wp","href":"https:\/\/api.w.org\/{rel}","templated":true}]}}