{"id":905,"date":"2023-05-15T06:34:52","date_gmt":"2023-05-15T04:34:52","guid":{"rendered":"https:\/\/www.thegasmixer.com\/ueber-uns\/"},"modified":"2025-04-23T19:10:17","modified_gmt":"2025-04-23T17:10:17","slug":"ueber-uns","status":"publish","type":"page","link":"https:\/\/www.thegasmixer.com\/de\/ueber-uns\/","title":{"rendered":"\u00dcber uns"},"content":{"rendered":"\t\t<div data-elementor-type=\"wp-page\" data-elementor-id=\"905\" class=\"elementor elementor-905 elementor-18\" data-elementor-post-type=\"page\">\n\t\t\t\t\t\t<section class=\"elementor-section elementor-top-section elementor-element elementor-element-8c30c82 elementor-section-stretched elementor-section-full_width elementor-section-height-default elementor-section-height-default\" data-id=\"8c30c82\" data-element_type=\"section\" data-e-type=\"section\" data-settings=\"{&quot;stretch_section&quot;:&quot;section-stretched&quot;}\">\n\t\t\t\t\t\t<div class=\"elementor-container elementor-column-gap-default\">\n\t\t\t\t\t<div class=\"elementor-column elementor-col-100 elementor-top-column elementor-element elementor-element-51e9fd7\" data-id=\"51e9fd7\" data-element_type=\"column\" data-e-type=\"column\">\n\t\t\t<div class=\"elementor-widget-wrap elementor-element-populated\">\n\t\t\t\t\t\t<div class=\"elementor-element elementor-element-85ea18b elementor--h-position-center elementor--v-position-middle elementor-arrows-position-inside elementor-pagination-position-inside elementor-widget elementor-widget-slides\" data-id=\"85ea18b\" data-element_type=\"widget\" data-e-type=\"widget\" data-settings=\"{&quot;transition&quot;:&quot;fade&quot;,&quot;transition_speed&quot;:1000,&quot;navigation&quot;:&quot;both&quot;,&quot;autoplay&quot;:&quot;yes&quot;,&quot;pause_on_hover&quot;:&quot;yes&quot;,&quot;pause_on_interaction&quot;:&quot;yes&quot;,&quot;autoplay_speed&quot;:5000,&quot;infinite&quot;:&quot;yes&quot;}\" data-widget_type=\"slides.default\">\n\t\t\t\t<div class=\"elementor-widget-container\">\n\t\t\t\t\t\t\t\t\t<div class=\"elementor-swiper\">\n\t\t\t\t\t<div class=\"elementor-slides-wrapper elementor-main-swiper swiper\" role=\"region\" aria-roledescription=\"carousel\" aria-label=\"Slider\" dir=\"ltr\" data-animation=\"fadeInUp\">\n\t\t\t\t<div class=\"swiper-wrapper elementor-slides\">\n\t\t\t\t\t\t\t\t\t\t<div class=\"elementor-repeater-item-9b788fc swiper-slide\" role=\"group\" aria-roledescription=\"slide\"><div class=\"swiper-slide-bg\" role=\"img\" aria-label=\"gmixe3\"><\/div><div class=\"swiper-slide-inner\" ><div class=\"swiper-slide-contents\"><\/div><\/div><\/div>\t\t\t\t<\/div>\n\t\t\t\t\t\t\t<\/div>\n\t\t\t\t<\/div>\n\t\t\t\t\t\t\t\t<\/div>\n\t\t\t\t<\/div>\n\t\t\t\t\t<\/div>\n\t\t<\/div>\n\t\t\t\t\t<\/div>\n\t\t<\/section>\n\t\t\t\t<section class=\"elementor-section elementor-top-section elementor-element elementor-element-e9f3096 elementor-section-full_width elementor-section-height-default elementor-section-height-default\" data-id=\"e9f3096\" data-element_type=\"section\" data-e-type=\"section\">\n\t\t\t\t\t\t<div class=\"elementor-container elementor-column-gap-default\">\n\t\t\t\t\t<div class=\"elementor-column elementor-col-100 elementor-top-column elementor-element elementor-element-4137808\" data-id=\"4137808\" data-element_type=\"column\" data-e-type=\"column\">\n\t\t\t<div class=\"elementor-widget-wrap elementor-element-populated\">\n\t\t\t\t\t\t<section class=\"elementor-section elementor-inner-section elementor-element elementor-element-3499782 elementor-section-boxed elementor-section-height-default elementor-section-height-default\" data-id=\"3499782\" data-element_type=\"section\" data-e-type=\"section\" data-settings=\"{&quot;background_background&quot;:&quot;classic&quot;}\">\n\t\t\t\t\t\t<div class=\"elementor-container elementor-column-gap-default\">\n\t\t\t\t\t<div class=\"elementor-column elementor-col-100 elementor-inner-column elementor-element elementor-element-91d0df2\" data-id=\"91d0df2\" data-element_type=\"column\" data-e-type=\"column\">\n\t\t\t<div class=\"elementor-widget-wrap elementor-element-populated\">\n\t\t\t\t\t\t<div class=\"elementor-element elementor-element-010f054 elementor-widget elementor-widget-heading\" data-id=\"010f054\" data-element_type=\"widget\" data-e-type=\"widget\" data-widget_type=\"heading.default\">\n\t\t\t\t<div class=\"elementor-widget-container\">\n\t\t\t\t\t<h3 class=\"elementor-heading-title elementor-size-default\">\u00dcber uns<\/h3>\t\t\t\t<\/div>\n\t\t\t\t<\/div>\n\t\t\t\t\t<\/div>\n\t\t<\/div>\n\t\t\t\t\t<\/div>\n\t\t<\/section>\n\t\t\t\t\t<\/div>\n\t\t<\/div>\n\t\t\t\t\t<\/div>\n\t\t<\/section>\n\t\t\t\t<section class=\"elementor-section elementor-top-section elementor-element elementor-element-55f620b elementor-section-full_width elementor-section-height-default elementor-section-height-default\" data-id=\"55f620b\" data-element_type=\"section\" data-e-type=\"section\">\n\t\t\t\t\t\t<div class=\"elementor-container elementor-column-gap-default\">\n\t\t\t\t\t<div class=\"elementor-column elementor-col-100 elementor-top-column elementor-element elementor-element-12857b9\" data-id=\"12857b9\" data-element_type=\"column\" data-e-type=\"column\" data-settings=\"{&quot;background_background&quot;:&quot;classic&quot;}\">\n\t\t\t<div class=\"elementor-widget-wrap elementor-element-populated\">\n\t\t\t\t\t\t<div class=\"elementor-element elementor-element-84ad87a elementor-widget elementor-widget-text-editor\" data-id=\"84ad87a\" data-element_type=\"widget\" data-e-type=\"widget\" data-widget_type=\"text-editor.default\">\n\t\t\t\t<div class=\"elementor-widget-container\">\n\t\t\t\t\t\t\t\t\t<p><a href=\"https:\/\/www.gometrics.net\"><strong><span>Gometrics<\/span><\/strong><\/a> ist ein f\u00fchrendes Unternehmen auf dem Gebiet der Kalibrierung von Prozessinstrumenten. <span style=\"color: rgb(58, 58, 58); font-family: var( --e-global-typography-text-font-family ), Sans-serif; font-size: var( --e-global-typography-text-font-size ); font-weight: var( --e-global-typography-text-font-weight );\">Unser Team von Fachleuten setzt sich f\u00fcr die kontinuierliche Verbesserung und technische Qualit\u00e4t unserer L\u00f6sungen sowie f\u00fcr einen hervorragenden Service ein. <\/span><\/p><p style=\"color: rgb(58, 58, 58);\">Aufbauend auf einer Spezialisierung, die von seinen Gr\u00fcndern vor 50 Jahren begonnen wurde, bietet Gometrics zuverl\u00e4ssige Kalibrierungsl\u00f6sungen und Test- und Messsysteme f\u00fcr die g\u00e4ngigsten Prozessgr\u00f6\u00dfen in der Industrie.<\/p><p style=\"color: rgb(58, 58, 58);\">Durch exklusive Vereinbarungen mit weltweit f\u00fchrenden Unternehmen in ihren Bereichen, die damit zu echten strategischen Partnern von Gometrics werden, sind wir in der Lage, Sie \u00fcber die am besten geeigneten L\u00f6sungen f\u00fcr Prozesskontrolle, Ger\u00e4tekalibrierung und Wartung zu beraten.<\/p><p style=\"color: rgb(58, 58, 58);\">Gometrics verf\u00fcgt \u00fcber ein st\u00e4ndiges Labor und bietet Dienstleistungen zur Kalibrierung von Prozessinstrumenten und zur Validierung von Prozessen vor Ort an.<br>Als Hersteller sind wir in der Lage, uns an alle Ihre W\u00fcnsche anzupassen.<\/p><p>Wir bieten professionelle Messger\u00e4te und nahtlose Kalibrierungsl\u00f6sungen, die den h\u00f6chsten qualitativen und technischen Anforderungen entsprechen. Wir bieten&nbsp;<span><b>Hardware- &amp; Software-L\u00f6sungen<\/b><\/span> f\u00fcr eine breite Palette von Mess- und Steuerungsanwendungen.&nbsp;<\/p><p><span style=\"color: rgb(58, 58, 58); font-family: var( --e-global-typography-text-font-family ), Sans-serif; font-size: var( --e-global-typography-text-font-size ); font-weight: var( --e-global-typography-text-font-weight );\">Unsere technischen Fachgebiete sind:<\/span><\/p>\n<ul type=\"disc\">\n<li>Energie<\/li>\n<li>\u00d6l und Gas<\/li>\n<li>Chemisch<\/li>\n<li>Pharmazeutische<\/li>\n<li>Aeronautical<\/li>\n<li>Essen &amp; Trinken<\/li>\n<li>Automobilindustrie<\/li>\n<\/ul><div><br><\/div>\t\t\t\t\t\t\t\t<\/div>\n\t\t\t\t<\/div>\n\t\t\t\t\t<\/div>\n\t\t<\/div>\n\t\t\t\t\t<\/div>\n\t\t<\/section>\n\t\t\t\t<\/div>\n\t\t","protected":false},"excerpt":{"rendered":"<p>\u00dcber uns Gometrics ist ein f\u00fchrendes Unternehmen auf dem Gebiet der Kalibrierung von Prozessinstrumenten. Unser Team von Fachleuten setzt sich f\u00fcr die kontinuierliche Verbesserung und technische Qualit\u00e4t unserer L\u00f6sungen sowie f\u00fcr einen hervorragenden Service ein. Aufbauend auf einer Spezialisierung, die von seinen Gr\u00fcndern vor 50 Jahren begonnen wurde, bietet Gometrics zuverl\u00e4ssige Kalibrierungsl\u00f6sungen und Test- und [&hellip;]<\/p>\n","protected":false},"author":1,"featured_media":0,"parent":0,"menu_order":0,"comment_status":"closed","ping_status":"closed","template":"elementor_header_footer","meta":{"footnotes":""},"class_list":["post-905","page","type-page","status-publish","hentry"],"yoast_head":"<!-- This site is optimized with the Yoast SEO plugin v27.5 - https:\/\/yoast.com\/product\/yoast-seo-wordpress\/ -->\n<title>\u00dcber uns - The Gas Mixer<\/title>\n<meta name=\"robots\" content=\"index, follow, max-snippet:-1, max-image-preview:large, max-video-preview:-1\" \/>\n<link rel=\"canonical\" href=\"https:\/\/www.thegasmixer.com\/de\/ueber-uns\/\" \/>\n<meta property=\"og:locale\" content=\"de_DE\" \/>\n<meta property=\"og:type\" content=\"article\" \/>\n<meta property=\"og:title\" content=\"\u00dcber uns - The Gas Mixer\" \/>\n<meta property=\"og:description\" content=\"\u00dcber uns Gometrics ist ein f\u00fchrendes Unternehmen auf dem Gebiet der Kalibrierung von Prozessinstrumenten. Unser Team von Fachleuten setzt sich f\u00fcr die kontinuierliche Verbesserung und technische Qualit\u00e4t unserer L\u00f6sungen sowie f\u00fcr einen hervorragenden Service ein. Aufbauend auf einer Spezialisierung, die von seinen Gr\u00fcndern vor 50 Jahren begonnen wurde, bietet Gometrics zuverl\u00e4ssige Kalibrierungsl\u00f6sungen und Test- und [&hellip;]\" \/>\n<meta property=\"og:url\" content=\"https:\/\/www.thegasmixer.com\/de\/ueber-uns\/\" \/>\n<meta property=\"og:site_name\" content=\"The Gas Mixer\" \/>\n<meta property=\"article:modified_time\" content=\"2025-04-23T17:10:17+00:00\" \/>\n<meta name=\"twitter:card\" content=\"summary_large_image\" \/>\n<meta name=\"twitter:label1\" content=\"Gesch\u00e4tzte Lesezeit\" \/>\n\t<meta name=\"twitter:data1\" content=\"1\u00a0Minute\" \/>\n<script type=\"application\/ld+json\" class=\"yoast-schema-graph\">{\"@context\":\"https:\\\/\\\/schema.org\",\"@graph\":[{\"@type\":\"WebPage\",\"@id\":\"https:\\\/\\\/www.thegasmixer.com\\\/de\\\/ueber-uns\\\/\",\"url\":\"https:\\\/\\\/www.thegasmixer.com\\\/de\\\/ueber-uns\\\/\",\"name\":\"\u00dcber uns - The Gas Mixer\",\"isPartOf\":{\"@id\":\"https:\\\/\\\/www.thegasmixer.com\\\/de\\\/#website\"},\"datePublished\":\"2023-05-15T04:34:52+00:00\",\"dateModified\":\"2025-04-23T17:10:17+00:00\",\"breadcrumb\":{\"@id\":\"https:\\\/\\\/www.thegasmixer.com\\\/de\\\/ueber-uns\\\/#breadcrumb\"},\"inLanguage\":\"de\",\"potentialAction\":[{\"@type\":\"ReadAction\",\"target\":[\"https:\\\/\\\/www.thegasmixer.com\\\/de\\\/ueber-uns\\\/\"]}]},{\"@type\":\"BreadcrumbList\",\"@id\":\"https:\\\/\\\/www.thegasmixer.com\\\/de\\\/ueber-uns\\\/#breadcrumb\",\"itemListElement\":[{\"@type\":\"ListItem\",\"position\":1,\"name\":\"Home\",\"item\":\"https:\\\/\\\/www.thegasmixer.com\\\/de\\\/\"},{\"@type\":\"ListItem\",\"position\":2,\"name\":\"\u00dcber uns\"}]},{\"@type\":\"WebSite\",\"@id\":\"https:\\\/\\\/www.thegasmixer.com\\\/de\\\/#website\",\"url\":\"https:\\\/\\\/www.thegasmixer.com\\\/de\\\/\",\"name\":\"The Gas Mixer\",\"description\":\"\",\"potentialAction\":[{\"@type\":\"SearchAction\",\"target\":{\"@type\":\"EntryPoint\",\"urlTemplate\":\"https:\\\/\\\/www.thegasmixer.com\\\/de\\\/?s={search_term_string}\"},\"query-input\":{\"@type\":\"PropertyValueSpecification\",\"valueRequired\":true,\"valueName\":\"search_term_string\"}}],\"inLanguage\":\"de\"}]}<\/script>\n<!-- \/ Yoast SEO plugin. -->","yoast_head_json":{"title":"\u00dcber uns - The Gas Mixer","robots":{"index":"index","follow":"follow","max-snippet":"max-snippet:-1","max-image-preview":"max-image-preview:large","max-video-preview":"max-video-preview:-1"},"canonical":"https:\/\/www.thegasmixer.com\/de\/ueber-uns\/","og_locale":"de_DE","og_type":"article","og_title":"\u00dcber uns - The Gas Mixer","og_description":"\u00dcber uns Gometrics ist ein f\u00fchrendes Unternehmen auf dem Gebiet der Kalibrierung von Prozessinstrumenten. Unser Team von Fachleuten setzt sich f\u00fcr die kontinuierliche Verbesserung und technische Qualit\u00e4t unserer L\u00f6sungen sowie f\u00fcr einen hervorragenden Service ein. Aufbauend auf einer Spezialisierung, die von seinen Gr\u00fcndern vor 50 Jahren begonnen wurde, bietet Gometrics zuverl\u00e4ssige Kalibrierungsl\u00f6sungen und Test- und [&hellip;]","og_url":"https:\/\/www.thegasmixer.com\/de\/ueber-uns\/","og_site_name":"The Gas Mixer","article_modified_time":"2025-04-23T17:10:17+00:00","twitter_card":"summary_large_image","twitter_misc":{"Gesch\u00e4tzte Lesezeit":"1\u00a0Minute"},"schema":{"@context":"https:\/\/schema.org","@graph":[{"@type":"WebPage","@id":"https:\/\/www.thegasmixer.com\/de\/ueber-uns\/","url":"https:\/\/www.thegasmixer.com\/de\/ueber-uns\/","name":"\u00dcber uns - The Gas Mixer","isPartOf":{"@id":"https:\/\/www.thegasmixer.com\/de\/#website"},"datePublished":"2023-05-15T04:34:52+00:00","dateModified":"2025-04-23T17:10:17+00:00","breadcrumb":{"@id":"https:\/\/www.thegasmixer.com\/de\/ueber-uns\/#breadcrumb"},"inLanguage":"de","potentialAction":[{"@type":"ReadAction","target":["https:\/\/www.thegasmixer.com\/de\/ueber-uns\/"]}]},{"@type":"BreadcrumbList","@id":"https:\/\/www.thegasmixer.com\/de\/ueber-uns\/#breadcrumb","itemListElement":[{"@type":"ListItem","position":1,"name":"Home","item":"https:\/\/www.thegasmixer.com\/de\/"},{"@type":"ListItem","position":2,"name":"\u00dcber uns"}]},{"@type":"WebSite","@id":"https:\/\/www.thegasmixer.com\/de\/#website","url":"https:\/\/www.thegasmixer.com\/de\/","name":"The Gas Mixer","description":"","potentialAction":[{"@type":"SearchAction","target":{"@type":"EntryPoint","urlTemplate":"https:\/\/www.thegasmixer.com\/de\/?s={search_term_string}"},"query-input":{"@type":"PropertyValueSpecification","valueRequired":true,"valueName":"search_term_string"}}],"inLanguage":"de"}]}},"_links":{"self":[{"href":"https:\/\/www.thegasmixer.com\/de\/wp-json\/wp\/v2\/pages\/905","targetHints":{"allow":["GET"]}}],"collection":[{"href":"https:\/\/www.thegasmixer.com\/de\/wp-json\/wp\/v2\/pages"}],"about":[{"href":"https:\/\/www.thegasmixer.com\/de\/wp-json\/wp\/v2\/types\/page"}],"author":[{"embeddable":true,"href":"https:\/\/www.thegasmixer.com\/de\/wp-json\/wp\/v2\/users\/1"}],"replies":[{"embeddable":true,"href":"https:\/\/www.thegasmixer.com\/de\/wp-json\/wp\/v2\/comments?post=905"}],"version-history":[{"count":2,"href":"https:\/\/www.thegasmixer.com\/de\/wp-json\/wp\/v2\/pages\/905\/revisions"}],"predecessor-version":[{"id":1549,"href":"https:\/\/www.thegasmixer.com\/de\/wp-json\/wp\/v2\/pages\/905\/revisions\/1549"}],"wp:attachment":[{"href":"https:\/\/www.thegasmixer.com\/de\/wp-json\/wp\/v2\/media?parent=905"}],"curies":[{"name":"wp","href":"https:\/\/api.w.org\/{rel}","templated":true}]}}