{"id":902,"date":"2024-02-08T17:06:22","date_gmt":"2024-02-08T16:06:22","guid":{"rendered":"https:\/\/www.thegasmixer.com\/feuchtegenerator-modul-igm-chhr\/"},"modified":"2025-04-23T19:10:17","modified_gmt":"2025-04-23T17:10:17","slug":"feuchtegenerator-modul-igm-chhr","status":"publish","type":"page","link":"https:\/\/www.thegasmixer.com\/de\/feuchtegenerator-modul-igm-chhr\/","title":{"rendered":"Modul Luftfeuchtigkeit"},"content":{"rendered":"\t\t<div data-elementor-type=\"wp-page\" data-elementor-id=\"902\" class=\"elementor elementor-902 elementor-550\" data-elementor-post-type=\"page\">\n\t\t\t\t\t\t<section class=\"elementor-section elementor-top-section elementor-element elementor-element-e667b40 elementor-section-stretched elementor-section-full_width elementor-section-height-default elementor-section-height-default\" data-id=\"e667b40\" data-element_type=\"section\" data-e-type=\"section\" data-settings=\"{&quot;stretch_section&quot;:&quot;section-stretched&quot;}\">\n\t\t\t\t\t\t<div class=\"elementor-container elementor-column-gap-default\">\n\t\t\t\t\t<div class=\"elementor-column elementor-col-100 elementor-top-column elementor-element elementor-element-7bc5eec\" data-id=\"7bc5eec\" data-element_type=\"column\" data-e-type=\"column\">\n\t\t\t<div class=\"elementor-widget-wrap elementor-element-populated\">\n\t\t\t\t\t\t<div class=\"elementor-element elementor-element-8169583 elementor--h-position-center elementor--v-position-middle elementor-arrows-position-inside elementor-pagination-position-inside elementor-widget elementor-widget-slides\" data-id=\"8169583\" data-element_type=\"widget\" data-e-type=\"widget\" data-settings=\"{&quot;transition&quot;:&quot;fade&quot;,&quot;transition_speed&quot;:1000,&quot;navigation&quot;:&quot;both&quot;,&quot;autoplay&quot;:&quot;yes&quot;,&quot;pause_on_hover&quot;:&quot;yes&quot;,&quot;pause_on_interaction&quot;:&quot;yes&quot;,&quot;autoplay_speed&quot;:5000,&quot;infinite&quot;:&quot;yes&quot;}\" data-widget_type=\"slides.default\">\n\t\t\t\t<div class=\"elementor-widget-container\">\n\t\t\t\t\t\t\t\t\t<div class=\"elementor-swiper\">\n\t\t\t\t\t<div class=\"elementor-slides-wrapper elementor-main-swiper swiper\" role=\"region\" aria-roledescription=\"carousel\" aria-label=\"Slider\" dir=\"ltr\" data-animation=\"fadeInUp\">\n\t\t\t\t<div class=\"swiper-wrapper elementor-slides\">\n\t\t\t\t\t\t\t\t\t\t<div class=\"elementor-repeater-item-9b788fc swiper-slide\" role=\"group\" aria-roledescription=\"slide\"><div class=\"swiper-slide-bg\" role=\"img\" aria-label=\"Mezclador-de-gas-MGP2\"><\/div><div class=\"swiper-slide-inner\" ><div class=\"swiper-slide-contents\"><\/div><\/div><\/div>\t\t\t\t<\/div>\n\t\t\t\t\t\t\t<\/div>\n\t\t\t\t<\/div>\n\t\t\t\t\t\t\t\t<\/div>\n\t\t\t\t<\/div>\n\t\t\t\t<section class=\"elementor-section elementor-inner-section elementor-element elementor-element-5e86c07 elementor-section-boxed elementor-section-height-default elementor-section-height-default\" data-id=\"5e86c07\" data-element_type=\"section\" data-e-type=\"section\" data-settings=\"{&quot;background_background&quot;:&quot;classic&quot;}\">\n\t\t\t\t\t\t<div class=\"elementor-container elementor-column-gap-default\">\n\t\t\t\t\t<div class=\"elementor-column elementor-col-100 elementor-inner-column elementor-element elementor-element-53f315b\" data-id=\"53f315b\" data-element_type=\"column\" data-e-type=\"column\">\n\t\t\t<div class=\"elementor-widget-wrap elementor-element-populated\">\n\t\t\t\t\t\t<div class=\"elementor-element elementor-element-95f1198 elementor-widget elementor-widget-heading\" data-id=\"95f1198\" data-element_type=\"widget\" data-e-type=\"widget\" data-widget_type=\"heading.default\">\n\t\t\t\t<div class=\"elementor-widget-container\">\n\t\t\t\t\t<h3 class=\"elementor-heading-title elementor-size-default\">Feuchtegenerator-Modul IGM-CHHR<\/h3>\t\t\t\t<\/div>\n\t\t\t\t<\/div>\n\t\t\t\t\t<\/div>\n\t\t<\/div>\n\t\t\t\t\t<\/div>\n\t\t<\/section>\n\t\t\t\t\t<\/div>\n\t\t<\/div>\n\t\t\t\t\t<\/div>\n\t\t<\/section>\n\t\t\t\t<section class=\"elementor-section elementor-top-section elementor-element elementor-element-1b91969 elementor-section-full_width elementor-section-height-default elementor-section-height-default\" data-id=\"1b91969\" data-element_type=\"section\" data-e-type=\"section\">\n\t\t\t\t\t\t<div class=\"elementor-container elementor-column-gap-default\">\n\t\t\t\t\t<div class=\"elementor-column elementor-col-50 elementor-top-column elementor-element elementor-element-77589ee\" data-id=\"77589ee\" data-element_type=\"column\" data-e-type=\"column\" data-settings=\"{&quot;background_background&quot;:&quot;classic&quot;}\">\n\t\t\t<div class=\"elementor-widget-wrap elementor-element-populated\">\n\t\t\t\t\t\t<div class=\"elementor-element elementor-element-d37e572 elementor-widget elementor-widget-text-editor\" data-id=\"d37e572\" data-element_type=\"widget\" data-e-type=\"widget\" data-widget_type=\"text-editor.default\">\n\t\t\t\t<div class=\"elementor-widget-container\">\n\t\t\t\t\t\t\t\t\t<p><span style=\"color: #333333; font-family: var( --e-global-typography-text-font-family ), Sans-serif; font-size: var( --e-global-typography-text-font-size ); font-weight: var( --e-global-typography-text-font-weight );\">Das IGM-CHHR ist ein Feuchtemodul, das zusammen mit den Gasmischern IGM oder MGP2 verwendet werden kann, um Gasmischungen mit einem bestimmten Grad an relativer Feuchte zu erzeugen.  <\/span><\/p><p><span style=\"color: #3b3f4a;\">Dank unserer fortschrittlichen Gasmischersoftware wird ein Teil des trockenen Gasgemischs durch die Wasserblasen zirkuliert, wodurch die relative Luftfeuchtigkeit des Ausgangsgasgemischs den gew\u00fcnschten Wert erreicht. Dies geschieht auf sehr einfache Weise und so, dass sich die ppm-Konzentration Ihrer Zielreferenzgase nicht \u00e4ndert. Um das RH-Erzeugungsmodul zu steuern, m\u00fcssen Sie die Mixer Control Unit (MCU) einrichten. Die MCU ist ein standardm\u00e4\u00dfiges SPS-basiertes System, das die Sollwerte f\u00fcr den Gasmischer und den Durchfluss des Feuchtigkeitsmoduls in Abh\u00e4ngigkeit vom Zustand einer Prozessvariablen automatisch \u00e4ndert. Die MCU misst die Prozessvariable (z.B. Luftfeuchtigkeit, Temperatur, Druck) und \u00e4ndert die an die Massendurchflussregler gesendeten Durchflusssollwerte in Abh\u00e4ngigkeit vom Algorithmus, der vom Wissenschaftler oder Ingenieur definiert wurde.   <\/span><\/p><p style=\"color: #3b3f4a;\">Die MCU kann zum Beispiel die tats\u00e4chliche relative Luftfeuchtigkeit in der Kammer messen und \u00fcber ein R\u00fcckkopplungssystem steuert die SPS den Gasmischer und das Feuchtemodul, um automatisch die gew\u00fcnschte relative Luftfeuchtigkeit zu erreichen.<\/p><p style=\"color: #3b3f4a;\">Dieses innovative Ger\u00e4t ist die neueste Kreation unseres Ingenieurteams.<\/p>\t\t\t\t\t\t\t\t<\/div>\n\t\t\t\t<\/div>\n\t\t\t\t\t<\/div>\n\t\t<\/div>\n\t\t\t\t<div class=\"elementor-column elementor-col-50 elementor-top-column elementor-element elementor-element-670a815\" data-id=\"670a815\" data-element_type=\"column\" data-e-type=\"column\" data-settings=\"{&quot;background_background&quot;:&quot;classic&quot;}\">\n\t\t\t<div class=\"elementor-widget-wrap elementor-element-populated\">\n\t\t\t\t\t\t<div class=\"elementor-element elementor-element-4b97a69 elementor-widget elementor-widget-image\" data-id=\"4b97a69\" data-element_type=\"widget\" data-e-type=\"widget\" data-widget_type=\"image.default\">\n\t\t\t\t<div class=\"elementor-widget-container\">\n\t\t\t\t\t\t\t\t\t\t\t\t\t\t\t<img fetchpriority=\"high\" decoding=\"async\" width=\"650\" height=\"650\" src=\"https:\/\/www.thegasmixer.com\/wp-content\/uploads\/2023\/06\/IM-IGM-CHHR-FRONT-HUMIDITYMODULE-BIEN.png\" class=\"attachment-large size-large wp-image-822\" alt=\"\" srcset=\"https:\/\/www.thegasmixer.com\/wp-content\/uploads\/2023\/06\/IM-IGM-CHHR-FRONT-HUMIDITYMODULE-BIEN.png 650w, https:\/\/www.thegasmixer.com\/wp-content\/uploads\/2023\/06\/IM-IGM-CHHR-FRONT-HUMIDITYMODULE-BIEN-300x300.png 300w, https:\/\/www.thegasmixer.com\/wp-content\/uploads\/2023\/06\/IM-IGM-CHHR-FRONT-HUMIDITYMODULE-BIEN-150x150.png 150w, https:\/\/www.thegasmixer.com\/wp-content\/uploads\/2023\/06\/IM-IGM-CHHR-FRONT-HUMIDITYMODULE-BIEN-600x600.png 600w, https:\/\/www.thegasmixer.com\/wp-content\/uploads\/2023\/06\/IM-IGM-CHHR-FRONT-HUMIDITYMODULE-BIEN-100x100.png 100w\" sizes=\"(max-width: 650px) 100vw, 650px\" \/>\t\t\t\t\t\t\t\t\t\t\t\t\t\t\t<\/div>\n\t\t\t\t<\/div>\n\t\t\t\t\t<\/div>\n\t\t<\/div>\n\t\t\t\t\t<\/div>\n\t\t<\/section>\n\t\t\t\t<section class=\"elementor-section elementor-top-section elementor-element elementor-element-9f39124 elementor-section-full_width elementor-section-height-default elementor-section-height-default\" data-id=\"9f39124\" data-element_type=\"section\" data-e-type=\"section\">\n\t\t\t\t\t\t<div class=\"elementor-container elementor-column-gap-default\">\n\t\t\t\t\t<div class=\"elementor-column elementor-col-100 elementor-top-column elementor-element elementor-element-c08a7ea\" data-id=\"c08a7ea\" data-element_type=\"column\" data-e-type=\"column\">\n\t\t\t<div class=\"elementor-widget-wrap elementor-element-populated\">\n\t\t\t\t\t\t<div class=\"elementor-element elementor-element-c4fa6a5 elementor-widget elementor-widget-heading\" data-id=\"c4fa6a5\" data-element_type=\"widget\" data-e-type=\"widget\" data-widget_type=\"heading.default\">\n\t\t\t\t<div class=\"elementor-widget-container\">\n\t\t\t\t\t<h4 class=\"elementor-heading-title elementor-size-default\">Anwendungen<\/h4>\t\t\t\t<\/div>\n\t\t\t\t<\/div>\n\t\t\t\t<div class=\"elementor-element elementor-element-1cae182 elementor-widget elementor-widget-text-editor\" data-id=\"1cae182\" data-element_type=\"widget\" data-e-type=\"widget\" data-widget_type=\"text-editor.default\">\n\t\t\t\t<div class=\"elementor-widget-container\">\n\t\t\t\t\t\t\t\t\t<ul>\n<li>Herstellung von Gasgemischen mit einem bestimmten RH-Grad<\/li>\n<li>Kalibrierung von Gasdetektoren und Analysatoren<\/li>\n<li>Charakterisierung von Gassensoren<\/li>\n<li>Forschung und Entwicklung<\/li>\n<\/ul>\t\t\t\t\t\t\t\t<\/div>\n\t\t\t\t<\/div>\n\t\t\t\t<div class=\"elementor-element elementor-element-d11afa5 elementor-widget elementor-widget-heading\" data-id=\"d11afa5\" data-element_type=\"widget\" data-e-type=\"widget\" data-widget_type=\"heading.default\">\n\t\t\t\t<div class=\"elementor-widget-container\">\n\t\t\t\t\t<h4 class=\"elementor-heading-title elementor-size-default\">Merkmale<\/h4>\t\t\t\t<\/div>\n\t\t\t\t<\/div>\n\t\t\t\t<div class=\"elementor-element elementor-element-b4cb389 elementor-widget elementor-widget-text-editor\" data-id=\"b4cb389\" data-element_type=\"widget\" data-e-type=\"widget\" data-widget_type=\"text-editor.default\">\n\t\t\t\t<div class=\"elementor-widget-container\">\n\t\t\t\t\t\t\t\t\t<ul><li>Modul Luftfeuchtigkeit<\/li><li>Mischer-Steuereinheit (MCU)<\/li><li>Nahtlose Integration mit IGM\/MGP2-Mischern<\/li><\/ul>\t\t\t\t\t\t\t\t<\/div>\n\t\t\t\t<\/div>\n\t\t\t\t<div class=\"elementor-element elementor-element-20cd57c elementor-widget elementor-widget-heading\" data-id=\"20cd57c\" data-element_type=\"widget\" data-e-type=\"widget\" data-widget_type=\"heading.default\">\n\t\t\t\t<div class=\"elementor-widget-container\">\n\t\t\t\t\t<h4 class=\"elementor-heading-title elementor-size-default\">Vorteile<\/h4>\t\t\t\t<\/div>\n\t\t\t\t<\/div>\n\t\t\t\t<div class=\"elementor-element elementor-element-7a9bd8c elementor-widget elementor-widget-text-editor\" data-id=\"7a9bd8c\" data-element_type=\"widget\" data-e-type=\"widget\" data-widget_type=\"text-editor.default\">\n\t\t\t\t<div class=\"elementor-widget-container\">\n\t\t\t\t\t\t\t\t\t<ul><li>Akkurat, schnell und zuverl\u00e4ssig.<\/li><li>Automatische Kontrolle der relativen Feuchtigkeit des erzeugten Gasgemisches.<\/li><li>Gase: kompatibel mit verschiedenen Gasarten<\/li><\/ul>\t\t\t\t\t\t\t\t<\/div>\n\t\t\t\t<\/div>\n\t\t\t\t\t<\/div>\n\t\t<\/div>\n\t\t\t\t\t<\/div>\n\t\t<\/section>\n\t\t\t\t<\/div>\n\t\t","protected":false},"excerpt":{"rendered":"<p>Feuchtegenerator-Modul IGM-CHHR Das IGM-CHHR ist ein Feuchtemodul, das zusammen mit den Gasmischern IGM oder MGP2 verwendet werden kann, um Gasmischungen mit einem bestimmten Grad an relativer Feuchte zu erzeugen. Dank unserer fortschrittlichen Gasmischersoftware wird ein Teil des trockenen Gasgemischs durch die Wasserblasen zirkuliert, wodurch die relative Luftfeuchtigkeit des Ausgangsgasgemischs den gew\u00fcnschten Wert erreicht. Dies geschieht [&hellip;]<\/p>\n","protected":false},"author":1,"featured_media":0,"parent":0,"menu_order":0,"comment_status":"closed","ping_status":"closed","template":"elementor_header_footer","meta":{"footnotes":""},"class_list":["post-902","page","type-page","status-publish","hentry"],"yoast_head":"<!-- This site is optimized with the Yoast SEO plugin v27.4 - https:\/\/yoast.com\/product\/yoast-seo-wordpress\/ -->\n<title>Modul Luftfeuchtigkeit - The Gas Mixer<\/title>\n<meta name=\"description\" content=\"Das IGM-CHHR ist ein Feuchtemodul, das zusammen mit den Gasmischern IGM oder MGP2 verwendet werden kann, um Gasmischungen mit einem bestimmten Grad an relativer Feuchte zu erzeugen.\" \/>\n<meta name=\"robots\" content=\"index, follow, max-snippet:-1, max-image-preview:large, max-video-preview:-1\" \/>\n<link rel=\"canonical\" href=\"https:\/\/www.thegasmixer.com\/de\/feuchtegenerator-modul-igm-chhr\/\" \/>\n<meta property=\"og:locale\" content=\"de_DE\" \/>\n<meta property=\"og:type\" content=\"article\" \/>\n<meta property=\"og:title\" content=\"Modul Luftfeuchtigkeit - The Gas Mixer\" \/>\n<meta property=\"og:description\" content=\"Das IGM-CHHR ist ein Feuchtemodul, das zusammen mit den Gasmischern IGM oder MGP2 verwendet werden kann, um Gasmischungen mit einem bestimmten Grad an relativer Feuchte zu erzeugen.\" \/>\n<meta property=\"og:url\" content=\"https:\/\/www.thegasmixer.com\/de\/feuchtegenerator-modul-igm-chhr\/\" \/>\n<meta property=\"og:site_name\" content=\"The Gas Mixer\" \/>\n<meta property=\"article:modified_time\" content=\"2025-04-23T17:10:17+00:00\" \/>\n<meta property=\"og:image\" content=\"https:\/\/www.thegasmixer.com\/wp-content\/uploads\/2023\/06\/IM-IGM-CHHR-FRONT-HUMIDITYMODULE-BIEN.png\" \/>\n\t<meta property=\"og:image:width\" content=\"650\" \/>\n\t<meta property=\"og:image:height\" content=\"650\" \/>\n\t<meta property=\"og:image:type\" content=\"image\/png\" \/>\n<meta name=\"twitter:card\" content=\"summary_large_image\" \/>\n<meta name=\"twitter:label1\" content=\"Gesch\u00e4tzte Lesezeit\" \/>\n\t<meta name=\"twitter:data1\" content=\"1\u00a0Minute\" \/>\n<script type=\"application\/ld+json\" class=\"yoast-schema-graph\">{\"@context\":\"https:\\\/\\\/schema.org\",\"@graph\":[{\"@type\":\"WebPage\",\"@id\":\"https:\\\/\\\/www.thegasmixer.com\\\/de\\\/feuchtegenerator-modul-igm-chhr\\\/\",\"url\":\"https:\\\/\\\/www.thegasmixer.com\\\/de\\\/feuchtegenerator-modul-igm-chhr\\\/\",\"name\":\"Modul Luftfeuchtigkeit - The Gas Mixer\",\"isPartOf\":{\"@id\":\"https:\\\/\\\/www.thegasmixer.com\\\/de\\\/#website\"},\"primaryImageOfPage\":{\"@id\":\"https:\\\/\\\/www.thegasmixer.com\\\/de\\\/feuchtegenerator-modul-igm-chhr\\\/#primaryimage\"},\"image\":{\"@id\":\"https:\\\/\\\/www.thegasmixer.com\\\/de\\\/feuchtegenerator-modul-igm-chhr\\\/#primaryimage\"},\"thumbnailUrl\":\"https:\\\/\\\/www.thegasmixer.com\\\/wp-content\\\/uploads\\\/2023\\\/06\\\/IM-IGM-CHHR-FRONT-HUMIDITYMODULE-BIEN.png\",\"datePublished\":\"2024-02-08T16:06:22+00:00\",\"dateModified\":\"2025-04-23T17:10:17+00:00\",\"description\":\"Das IGM-CHHR ist ein Feuchtemodul, das zusammen mit den Gasmischern IGM oder MGP2 verwendet werden kann, um Gasmischungen mit einem bestimmten Grad an relativer Feuchte zu erzeugen.\",\"breadcrumb\":{\"@id\":\"https:\\\/\\\/www.thegasmixer.com\\\/de\\\/feuchtegenerator-modul-igm-chhr\\\/#breadcrumb\"},\"inLanguage\":\"de\",\"potentialAction\":[{\"@type\":\"ReadAction\",\"target\":[\"https:\\\/\\\/www.thegasmixer.com\\\/de\\\/feuchtegenerator-modul-igm-chhr\\\/\"]}]},{\"@type\":\"ImageObject\",\"inLanguage\":\"de\",\"@id\":\"https:\\\/\\\/www.thegasmixer.com\\\/de\\\/feuchtegenerator-modul-igm-chhr\\\/#primaryimage\",\"url\":\"https:\\\/\\\/www.thegasmixer.com\\\/wp-content\\\/uploads\\\/2023\\\/06\\\/IM-IGM-CHHR-FRONT-HUMIDITYMODULE-BIEN.png\",\"contentUrl\":\"https:\\\/\\\/www.thegasmixer.com\\\/wp-content\\\/uploads\\\/2023\\\/06\\\/IM-IGM-CHHR-FRONT-HUMIDITYMODULE-BIEN.png\"},{\"@type\":\"BreadcrumbList\",\"@id\":\"https:\\\/\\\/www.thegasmixer.com\\\/de\\\/feuchtegenerator-modul-igm-chhr\\\/#breadcrumb\",\"itemListElement\":[{\"@type\":\"ListItem\",\"position\":1,\"name\":\"Home\",\"item\":\"https:\\\/\\\/www.thegasmixer.com\\\/de\\\/\"},{\"@type\":\"ListItem\",\"position\":2,\"name\":\"Modul Luftfeuchtigkeit\"}]},{\"@type\":\"WebSite\",\"@id\":\"https:\\\/\\\/www.thegasmixer.com\\\/de\\\/#website\",\"url\":\"https:\\\/\\\/www.thegasmixer.com\\\/de\\\/\",\"name\":\"The Gas Mixer\",\"description\":\"\",\"potentialAction\":[{\"@type\":\"SearchAction\",\"target\":{\"@type\":\"EntryPoint\",\"urlTemplate\":\"https:\\\/\\\/www.thegasmixer.com\\\/de\\\/?s={search_term_string}\"},\"query-input\":{\"@type\":\"PropertyValueSpecification\",\"valueRequired\":true,\"valueName\":\"search_term_string\"}}],\"inLanguage\":\"de\"}]}<\/script>\n<!-- \/ Yoast SEO plugin. -->","yoast_head_json":{"title":"Modul Luftfeuchtigkeit - The Gas Mixer","description":"Das IGM-CHHR ist ein Feuchtemodul, das zusammen mit den Gasmischern IGM oder MGP2 verwendet werden kann, um Gasmischungen mit einem bestimmten Grad an relativer Feuchte zu erzeugen.","robots":{"index":"index","follow":"follow","max-snippet":"max-snippet:-1","max-image-preview":"max-image-preview:large","max-video-preview":"max-video-preview:-1"},"canonical":"https:\/\/www.thegasmixer.com\/de\/feuchtegenerator-modul-igm-chhr\/","og_locale":"de_DE","og_type":"article","og_title":"Modul Luftfeuchtigkeit - The Gas Mixer","og_description":"Das IGM-CHHR ist ein Feuchtemodul, das zusammen mit den Gasmischern IGM oder MGP2 verwendet werden kann, um Gasmischungen mit einem bestimmten Grad an relativer Feuchte zu erzeugen.","og_url":"https:\/\/www.thegasmixer.com\/de\/feuchtegenerator-modul-igm-chhr\/","og_site_name":"The Gas Mixer","article_modified_time":"2025-04-23T17:10:17+00:00","og_image":[{"width":650,"height":650,"url":"https:\/\/www.thegasmixer.com\/wp-content\/uploads\/2023\/06\/IM-IGM-CHHR-FRONT-HUMIDITYMODULE-BIEN.png","type":"image\/png"}],"twitter_card":"summary_large_image","twitter_misc":{"Gesch\u00e4tzte Lesezeit":"1\u00a0Minute"},"schema":{"@context":"https:\/\/schema.org","@graph":[{"@type":"WebPage","@id":"https:\/\/www.thegasmixer.com\/de\/feuchtegenerator-modul-igm-chhr\/","url":"https:\/\/www.thegasmixer.com\/de\/feuchtegenerator-modul-igm-chhr\/","name":"Modul Luftfeuchtigkeit - The Gas Mixer","isPartOf":{"@id":"https:\/\/www.thegasmixer.com\/de\/#website"},"primaryImageOfPage":{"@id":"https:\/\/www.thegasmixer.com\/de\/feuchtegenerator-modul-igm-chhr\/#primaryimage"},"image":{"@id":"https:\/\/www.thegasmixer.com\/de\/feuchtegenerator-modul-igm-chhr\/#primaryimage"},"thumbnailUrl":"https:\/\/www.thegasmixer.com\/wp-content\/uploads\/2023\/06\/IM-IGM-CHHR-FRONT-HUMIDITYMODULE-BIEN.png","datePublished":"2024-02-08T16:06:22+00:00","dateModified":"2025-04-23T17:10:17+00:00","description":"Das IGM-CHHR ist ein Feuchtemodul, das zusammen mit den Gasmischern IGM oder MGP2 verwendet werden kann, um Gasmischungen mit einem bestimmten Grad an relativer Feuchte zu erzeugen.","breadcrumb":{"@id":"https:\/\/www.thegasmixer.com\/de\/feuchtegenerator-modul-igm-chhr\/#breadcrumb"},"inLanguage":"de","potentialAction":[{"@type":"ReadAction","target":["https:\/\/www.thegasmixer.com\/de\/feuchtegenerator-modul-igm-chhr\/"]}]},{"@type":"ImageObject","inLanguage":"de","@id":"https:\/\/www.thegasmixer.com\/de\/feuchtegenerator-modul-igm-chhr\/#primaryimage","url":"https:\/\/www.thegasmixer.com\/wp-content\/uploads\/2023\/06\/IM-IGM-CHHR-FRONT-HUMIDITYMODULE-BIEN.png","contentUrl":"https:\/\/www.thegasmixer.com\/wp-content\/uploads\/2023\/06\/IM-IGM-CHHR-FRONT-HUMIDITYMODULE-BIEN.png"},{"@type":"BreadcrumbList","@id":"https:\/\/www.thegasmixer.com\/de\/feuchtegenerator-modul-igm-chhr\/#breadcrumb","itemListElement":[{"@type":"ListItem","position":1,"name":"Home","item":"https:\/\/www.thegasmixer.com\/de\/"},{"@type":"ListItem","position":2,"name":"Modul Luftfeuchtigkeit"}]},{"@type":"WebSite","@id":"https:\/\/www.thegasmixer.com\/de\/#website","url":"https:\/\/www.thegasmixer.com\/de\/","name":"The Gas Mixer","description":"","potentialAction":[{"@type":"SearchAction","target":{"@type":"EntryPoint","urlTemplate":"https:\/\/www.thegasmixer.com\/de\/?s={search_term_string}"},"query-input":{"@type":"PropertyValueSpecification","valueRequired":true,"valueName":"search_term_string"}}],"inLanguage":"de"}]}},"_links":{"self":[{"href":"https:\/\/www.thegasmixer.com\/de\/wp-json\/wp\/v2\/pages\/902","targetHints":{"allow":["GET"]}}],"collection":[{"href":"https:\/\/www.thegasmixer.com\/de\/wp-json\/wp\/v2\/pages"}],"about":[{"href":"https:\/\/www.thegasmixer.com\/de\/wp-json\/wp\/v2\/types\/page"}],"author":[{"embeddable":true,"href":"https:\/\/www.thegasmixer.com\/de\/wp-json\/wp\/v2\/users\/1"}],"replies":[{"embeddable":true,"href":"https:\/\/www.thegasmixer.com\/de\/wp-json\/wp\/v2\/comments?post=902"}],"version-history":[{"count":2,"href":"https:\/\/www.thegasmixer.com\/de\/wp-json\/wp\/v2\/pages\/902\/revisions"}],"predecessor-version":[{"id":1548,"href":"https:\/\/www.thegasmixer.com\/de\/wp-json\/wp\/v2\/pages\/902\/revisions\/1548"}],"wp:attachment":[{"href":"https:\/\/www.thegasmixer.com\/de\/wp-json\/wp\/v2\/media?parent=902"}],"curies":[{"name":"wp","href":"https:\/\/api.w.org\/{rel}","templated":true}]}}