{"id":1644,"date":"2026-04-29T18:26:35","date_gmt":"2026-04-29T16:26:35","guid":{"rendered":"https:\/\/www.thegasmixer.com\/mgp4-industrieller-standard-gasmischer-fuer-labore\/"},"modified":"2026-05-12T09:02:34","modified_gmt":"2026-05-12T07:02:34","slug":"mgp4-industrieller-standard-gasmischer-fuer-labore","status":"publish","type":"page","link":"https:\/\/www.thegasmixer.com\/de\/mgp4-industrieller-standard-gasmischer-fuer-labore\/","title":{"rendered":"MGP4 Industrieller Standard-Gasmischer f\u00fcr Labore"},"content":{"rendered":"\t\t<div data-elementor-type=\"wp-page\" data-elementor-id=\"1644\" class=\"elementor elementor-1644 elementor-1631\" data-elementor-post-type=\"page\">\n\t\t\t\t<div class=\"elementor-element elementor-element-273ca580 e-flex e-con-boxed e-con e-parent\" data-id=\"273ca580\" data-element_type=\"container\" data-e-type=\"container\">\n\t\t\t\t\t<div class=\"e-con-inner\">\n\t\t\t\t\t<\/div>\n\t\t\t\t<\/div>\n\t\t<div class=\"elementor-element elementor-element-de901da e-con-full e-flex e-con e-parent\" data-id=\"de901da\" data-element_type=\"container\" data-e-type=\"container\">\n\t\t\t\t<div class=\"elementor-element elementor-element-ce64d1e elementor--h-position-center elementor--v-position-middle elementor-arrows-position-inside elementor-pagination-position-inside elementor-widget elementor-widget-slides\" data-id=\"ce64d1e\" data-element_type=\"widget\" data-e-type=\"widget\" data-settings=\"{&quot;transition&quot;:&quot;fade&quot;,&quot;transition_speed&quot;:1000,&quot;navigation&quot;:&quot;both&quot;,&quot;autoplay&quot;:&quot;yes&quot;,&quot;pause_on_hover&quot;:&quot;yes&quot;,&quot;pause_on_interaction&quot;:&quot;yes&quot;,&quot;autoplay_speed&quot;:5000,&quot;infinite&quot;:&quot;yes&quot;}\" data-widget_type=\"slides.default\">\n\t\t\t\t<div class=\"elementor-widget-container\">\n\t\t\t\t\t\t\t\t\t<div class=\"elementor-swiper\">\n\t\t\t\t\t<div class=\"elementor-slides-wrapper elementor-main-swiper swiper\" role=\"region\" aria-roledescription=\"carousel\" aria-label=\"Slides\" dir=\"ltr\" data-animation=\"fadeInUp\">\n\t\t\t\t<div class=\"swiper-wrapper elementor-slides\">\n\t\t\t\t\t\t\t\t\t\t<div class=\"elementor-repeater-item-9b788fc swiper-slide\" role=\"group\" aria-roledescription=\"slide\"><div class=\"swiper-slide-bg\" role=\"img\" aria-label=\"Industrie-Gas-Mischger\u00e4t-IGM\"><\/div><div class=\"swiper-slide-inner\" ><div class=\"swiper-slide-contents\"><\/div><\/div><\/div>\t\t\t\t<\/div>\n\t\t\t\t\t\t\t<\/div>\n\t\t\t\t<\/div>\n\t\t\t\t\t\t\t\t<\/div>\n\t\t\t\t<\/div>\n\t\t\t\t<\/div>\n\t\t<div class=\"elementor-element elementor-element-255756c e-flex e-con-boxed e-con e-parent\" data-id=\"255756c\" data-element_type=\"container\" data-e-type=\"container\" data-settings=\"{&quot;background_background&quot;:&quot;classic&quot;}\">\n\t\t\t\t\t<div class=\"e-con-inner\">\n\t\t\t\t<div class=\"elementor-element elementor-element-8586475 elementor-widget elementor-widget-heading\" data-id=\"8586475\" data-element_type=\"widget\" data-e-type=\"widget\" data-widget_type=\"heading.default\">\n\t\t\t\t<div class=\"elementor-widget-container\">\n\t\t\t\t\t<h3 class=\"elementor-heading-title elementor-size-default\">MGP4 Industrieller Standard-Gasmischer f\u00fcr Labore<\/h3>\t\t\t\t<\/div>\n\t\t\t\t<\/div>\n\t\t\t\t\t<\/div>\n\t\t\t\t<\/div>\n\t\t<div class=\"elementor-element elementor-element-0b63b4d e-flex e-con-boxed e-con e-parent\" data-id=\"0b63b4d\" data-element_type=\"container\" data-e-type=\"container\">\n\t\t\t\t\t<div class=\"e-con-inner\">\n\t\t<div class=\"elementor-element elementor-element-74b86f2 e-con-full e-flex e-con e-child\" data-id=\"74b86f2\" data-element_type=\"container\" data-e-type=\"container\">\n\t\t\t\t<div class=\"elementor-element elementor-element-31c017f elementor-widget elementor-widget-text-editor\" data-id=\"31c017f\" data-element_type=\"widget\" data-e-type=\"widget\" data-widget_type=\"text-editor.default\">\n\t\t\t\t<div class=\"elementor-widget-container\">\n\t\t\t\t\t\t\t\t\t<p>MGP4 ist ein Gasmischer aus der MGP-Familie f\u00fcr Labore, die eine hochpr\u00e4zise Gasmischung in ihren industriellen Prozessen ben\u00f6tigen.<\/p><p>Der MGP4 ist ein Gasmischer aus der MGP-Familie f\u00fcr Labore, die eine hochpr\u00e4zise Gasmischung f\u00fcr ihre industriellen Prozesse ben\u00f6tigen.<\/p><p>Er mischt bis zu 8 verschiedene Gase schnell, sicher und gleichm\u00e4\u00dfig, alles \u00fcber einen intuitiven 10\u2033-Touchscreen.<\/p><p>Der MGP4 verf\u00fcgt \u00fcber leistungsstarke Massendurchflussregler, die eine Genauigkeit von \u00b11% und eine Wiederholbarkeit von \u00b10,25% auf jedem aktiven Kanal erreichen.<\/p><p>Kompatibel mit einer Vielzahl von Gasen wie NO, SO\u2082, NO\u2082, CO, CO\u2082, O\u2082, N\u2082, H\u2082S, NH\u2083 und mehr (bei Bedarf mit einer Oxidationsmitteloption), passt es sich den anspruchsvollsten Herausforderungen bei der Kalibrierung oder Atmosph\u00e4rensimulation an.<\/p><p>Die Homogenit\u00e4t wird durch eine patentierte Mischmethode garantiert, die eine perfekte Gasverteilung gew\u00e4hrleistet, selbst in fortgeschrittenen Konfigurationen.<\/p>\t\t\t\t\t\t\t\t<\/div>\n\t\t\t\t<\/div>\n\t\t\t\t<div class=\"elementor-element elementor-element-988d824 elementor-widget elementor-widget-heading\" data-id=\"988d824\" data-element_type=\"widget\" data-e-type=\"widget\" data-widget_type=\"heading.default\">\n\t\t\t\t<div class=\"elementor-widget-container\">\n\t\t\t\t\t<h4 class=\"elementor-heading-title elementor-size-default\">Eigenschaften<\/h4>\t\t\t\t<\/div>\n\t\t\t\t<\/div>\n\t\t\t\t<div class=\"elementor-element elementor-element-b74beea elementor-widget elementor-widget-text-editor\" data-id=\"b74beea\" data-element_type=\"widget\" data-e-type=\"widget\" data-widget_type=\"text-editor.default\">\n\t\t\t\t<div class=\"elementor-widget-container\">\n\t\t\t\t\t\t\t\t\t<ul><li>Einfache Erzeugung von Verd\u00fcnnung und Mischen<\/li><li>Touchscreen<\/li><li>Automatisierung von Abl\u00e4ufen<\/li><li>Kann an einen externen PC angeschlossen werden<\/li><li>Verl\u00e4sslichkeit und Wiederholbarkeit<\/li><li>Sicherheit und Haltbarkeit<\/li><\/ul>\t\t\t\t\t\t\t\t<\/div>\n\t\t\t\t<\/div>\n\t\t\t\t<div class=\"elementor-element elementor-element-6218533 elementor-widget elementor-widget-heading\" data-id=\"6218533\" data-element_type=\"widget\" data-e-type=\"widget\" data-widget_type=\"heading.default\">\n\t\t\t\t<div class=\"elementor-widget-container\">\n\t\t\t\t\t<h4 class=\"elementor-heading-title elementor-size-default\">Vorteile<\/h4>\t\t\t\t<\/div>\n\t\t\t\t<\/div>\n\t\t\t\t<div class=\"elementor-element elementor-element-5f6d8de elementor-widget elementor-widget-text-editor\" data-id=\"5f6d8de\" data-element_type=\"widget\" data-e-type=\"widget\" data-widget_type=\"text-editor.default\">\n\t\t\t\t<div class=\"elementor-widget-container\">\n\t\t\t\t\t\t\t\t\t<ul><li>10\u2033-Touchscreen f\u00fcr das Mischen von Gas aus dem Ger\u00e4t selbst<\/li><li>Kontaktmaterial: AISI-316 Edelstahl und Buna-N und\/oder Viton O-Ringe<\/li><li>Mischen von zwei unabh\u00e4ngigen und gleichzeitigen Flusskontrollkan\u00e4len zum Mischen (bis zu 8 optionale Kan\u00e4le verf\u00fcgbar)<\/li><\/ul>\t\t\t\t\t\t\t\t<\/div>\n\t\t\t\t<\/div>\n\t\t\t\t<div class=\"elementor-element elementor-element-606880b elementor-widget elementor-widget-heading\" data-id=\"606880b\" data-element_type=\"widget\" data-e-type=\"widget\" data-widget_type=\"heading.default\">\n\t\t\t\t<div class=\"elementor-widget-container\">\n\t\t\t\t\t<h4 class=\"elementor-heading-title elementor-size-default\">Anwendungen<\/h4>\t\t\t\t<\/div>\n\t\t\t\t<\/div>\n\t\t\t\t<div class=\"elementor-element elementor-element-a3ff26e elementor-widget elementor-widget-text-editor\" data-id=\"a3ff26e\" data-element_type=\"widget\" data-e-type=\"widget\" data-widget_type=\"text-editor.default\">\n\t\t\t\t<div class=\"elementor-widget-container\">\n\t\t\t\t\t\t\t\t\t<ul><li>Herstellung von Gemischen (bin\u00e4r, tern\u00e4r, etc.)<\/li><li>Kalibrierung von Gasdetektoren und Analysatoren<\/li><li>Linearit\u00e4tsstudien f\u00fcr Gasanalysatoren<\/li><li>Charakterisierung von Gassensoren<\/li><li>Vorbereitung von kontrollierten Atmosph\u00e4ren f\u00fcr die Analyse<\/li><\/ul>\t\t\t\t\t\t\t\t<\/div>\n\t\t\t\t<\/div>\n\t\t\t\t<div class=\"elementor-element elementor-element-1a4bfbe elementor-widget elementor-widget-heading\" data-id=\"1a4bfbe\" data-element_type=\"widget\" data-e-type=\"widget\" data-widget_type=\"heading.default\">\n\t\t\t\t<div class=\"elementor-widget-container\">\n\t\t\t\t\t<h4 class=\"elementor-heading-title elementor-size-default\">Technische Merkmale<\/h4>\t\t\t\t<\/div>\n\t\t\t\t<\/div>\n\t\t\t\t<div class=\"elementor-element elementor-element-e1d0670 elementor-widget elementor-widget-text-editor\" data-id=\"e1d0670\" data-element_type=\"widget\" data-e-type=\"widget\" data-widget_type=\"text-editor.default\">\n\t\t\t\t<div class=\"elementor-widget-container\">\n\t\t\t\t\t\t\t\t\t<table class=\"tabla\" border=\"1\" width=\"600\" cellspacing=\"0\" cellpadding=\"0\" align=\"left\"><tbody><tr><td class=\"lecol66\"><strong>Vorschubdruck<\/strong><\/td><td class=\"lecolss66\">60 bar abs<\/td><\/tr><tr><td class=\"lecol66\"><strong>Speisegas<\/strong><\/td><td class=\"lecolss66\">Konfigurierbare Gasart und Komponenten<\/td><\/tr><tr><td class=\"lecol66\"><strong>Stromversorgung<\/strong><\/td><td class=\"lecolss66\">100-260 VCA, 50\/60 Hz, 120W<\/td><\/tr><tr><td class=\"lecol66\"><strong>Material der Kontakte<\/strong><\/td><td class=\"lecolss66\">AISI-316 Edelstahl und Buna-N und\/oder Viton O-Ringe<\/td><\/tr><tr><td class=\"lecol66\"><strong>Kapazit\u00e4t zur Erzeugung von Mischungen<\/strong><\/td><td class=\"lecolss66\">Erlaubt jede Kombination von Arbeitspunkten f\u00fcr aktivierte Kan\u00e4le<\/td><\/tr><tr><td class=\"lecol66\"><strong>Steuerbare Durchflussbereiche pro Kanal<\/strong><\/td><td class=\"lecolss66\">Maximale Skalentiefe pro Kanal von 8 sccm bis zu 15 slm (andere Durchflussraten auf Anfrage). Kan\u00e4le k\u00f6nnen unterschiedliche Skalierungstiefen haben <\/td><\/tr><tr><td class=\"lecol66\"><strong>Maximale Ausgangsdurchflussmenge (gemischt)<\/strong><\/td><td class=\"lecolss66\">Sie ergibt sich aus der Summe der einzelnen Durchflussraten (bis zu 15 slm).<\/td><\/tr><tr><td class=\"lecol66\"><strong>Genauigkeit und Wiederholbarkeit pro Kanal<\/strong><\/td><td class=\"lecolss66\"><p>Reproduzierbarkeit: \u00b1 0,25% des Messwerts<\/p><p>Genauigkeit: \u00b1 1% des Messwertes (\u00b1 20% bis 100% des Skalenendwertes) *<\/p><\/td><\/tr><tr><td class=\"lecol66\"><strong>Verbindungen<\/strong><\/td><td class=\"lecolss66\">1\/4&#8243; oder 1\/8&#8243; BSP Swagelok\u00ae (Schnellanschluss optional). Max. Gesamtausgangsdurchsatz: bestimmt durch Massendurchflussmesser<\/td><\/tr><tr><td class=\"lecol66\"><strong>Gewicht<\/strong><\/td><td class=\"lecolss66\">21 kg<\/td><\/tr><tr><td class=\"lecol66\"><strong>Abmessungen<\/strong><\/td><td class=\"lecolss66\">406 x 265 x 554 mm (Breite x H\u00f6he x Tiefe)<\/td><\/tr><tr><td class=\"lecol66\"><strong>Zertifikate<\/strong><\/td><td class=\"lecolss66\">R\u00fcckf\u00fchrbares Zertifikat nach internem Verfahren und ENAC (optional)<\/td><\/tr><tr><td class=\"lecol66\"><strong>Garantie<\/strong><\/td><td class=\"lecolss66\">1 Jahr<\/td><\/tr><\/tbody><\/table>\t\t\t\t\t\t\t\t<\/div>\n\t\t\t\t<\/div>\n\t\t\t\t<\/div>\n\t\t\t\t\t<\/div>\n\t\t\t\t<\/div>\n\t\t\t\t<\/div>\n\t\t","protected":false},"excerpt":{"rendered":"<p>MGP4 Industrieller Standard-Gasmischer f\u00fcr Labore MGP4 ist ein Gasmischer aus der MGP-Familie f\u00fcr Labore, die eine hochpr\u00e4zise Gasmischung in ihren industriellen Prozessen ben\u00f6tigen. Der MGP4 ist ein Gasmischer aus der MGP-Familie f\u00fcr Labore, die eine hochpr\u00e4zise Gasmischung f\u00fcr ihre industriellen Prozesse ben\u00f6tigen. Er mischt bis zu 8 verschiedene Gase schnell, sicher und gleichm\u00e4\u00dfig, alles \u00fcber [&hellip;]<\/p>\n","protected":false},"author":1,"featured_media":0,"parent":0,"menu_order":0,"comment_status":"closed","ping_status":"closed","template":"elementor_header_footer","meta":{"footnotes":""},"class_list":["post-1644","page","type-page","status-publish","hentry"],"yoast_head":"<!-- This site is optimized with the Yoast SEO plugin v27.6 - https:\/\/yoast.com\/product\/yoast-seo-wordpress\/ -->\n<title>MGP4 Industrieller Standard-Gasmischer f\u00fcr Labore - The Gas Mixer<\/title>\n<meta name=\"robots\" content=\"index, follow, max-snippet:-1, max-image-preview:large, max-video-preview:-1\" \/>\n<link rel=\"canonical\" href=\"https:\/\/www.thegasmixer.com\/de\/mgp4-industrieller-standard-gasmischer-fuer-labore\/\" \/>\n<meta property=\"og:locale\" content=\"de_DE\" \/>\n<meta property=\"og:type\" content=\"article\" \/>\n<meta property=\"og:title\" content=\"MGP4 Industrieller Standard-Gasmischer f\u00fcr Labore - The Gas Mixer\" \/>\n<meta property=\"og:description\" content=\"MGP4 Industrieller Standard-Gasmischer f\u00fcr Labore MGP4 ist ein Gasmischer aus der MGP-Familie f\u00fcr Labore, die eine hochpr\u00e4zise Gasmischung in ihren industriellen Prozessen ben\u00f6tigen. Der MGP4 ist ein Gasmischer aus der MGP-Familie f\u00fcr Labore, die eine hochpr\u00e4zise Gasmischung f\u00fcr ihre industriellen Prozesse ben\u00f6tigen. Er mischt bis zu 8 verschiedene Gase schnell, sicher und gleichm\u00e4\u00dfig, alles \u00fcber [&hellip;]\" \/>\n<meta property=\"og:url\" content=\"https:\/\/www.thegasmixer.com\/de\/mgp4-industrieller-standard-gasmischer-fuer-labore\/\" \/>\n<meta property=\"og:site_name\" content=\"The Gas Mixer\" \/>\n<meta property=\"article:modified_time\" content=\"2026-05-12T07:02:34+00:00\" \/>\n<meta name=\"twitter:card\" content=\"summary_large_image\" \/>\n<meta name=\"twitter:label1\" content=\"Gesch\u00e4tzte Lesezeit\" \/>\n\t<meta name=\"twitter:data1\" content=\"2\u00a0Minuten\" \/>\n<script type=\"application\/ld+json\" class=\"yoast-schema-graph\">{\"@context\":\"https:\\\/\\\/schema.org\",\"@graph\":[{\"@type\":\"WebPage\",\"@id\":\"https:\\\/\\\/www.thegasmixer.com\\\/de\\\/mgp4-industrieller-standard-gasmischer-fuer-labore\\\/\",\"url\":\"https:\\\/\\\/www.thegasmixer.com\\\/de\\\/mgp4-industrieller-standard-gasmischer-fuer-labore\\\/\",\"name\":\"MGP4 Industrieller Standard-Gasmischer f\u00fcr Labore - The Gas Mixer\",\"isPartOf\":{\"@id\":\"https:\\\/\\\/www.thegasmixer.com\\\/de\\\/#website\"},\"datePublished\":\"2026-04-29T16:26:35+00:00\",\"dateModified\":\"2026-05-12T07:02:34+00:00\",\"breadcrumb\":{\"@id\":\"https:\\\/\\\/www.thegasmixer.com\\\/de\\\/mgp4-industrieller-standard-gasmischer-fuer-labore\\\/#breadcrumb\"},\"inLanguage\":\"de\",\"potentialAction\":[{\"@type\":\"ReadAction\",\"target\":[\"https:\\\/\\\/www.thegasmixer.com\\\/de\\\/mgp4-industrieller-standard-gasmischer-fuer-labore\\\/\"]}]},{\"@type\":\"BreadcrumbList\",\"@id\":\"https:\\\/\\\/www.thegasmixer.com\\\/de\\\/mgp4-industrieller-standard-gasmischer-fuer-labore\\\/#breadcrumb\",\"itemListElement\":[{\"@type\":\"ListItem\",\"position\":1,\"name\":\"Home\",\"item\":\"https:\\\/\\\/www.thegasmixer.com\\\/de\\\/\"},{\"@type\":\"ListItem\",\"position\":2,\"name\":\"MGP4 Industrieller Standard-Gasmischer f\u00fcr Labore\"}]},{\"@type\":\"WebSite\",\"@id\":\"https:\\\/\\\/www.thegasmixer.com\\\/de\\\/#website\",\"url\":\"https:\\\/\\\/www.thegasmixer.com\\\/de\\\/\",\"name\":\"The Gas Mixer\",\"description\":\"\",\"potentialAction\":[{\"@type\":\"SearchAction\",\"target\":{\"@type\":\"EntryPoint\",\"urlTemplate\":\"https:\\\/\\\/www.thegasmixer.com\\\/de\\\/?s={search_term_string}\"},\"query-input\":{\"@type\":\"PropertyValueSpecification\",\"valueRequired\":true,\"valueName\":\"search_term_string\"}}],\"inLanguage\":\"de\"}]}<\/script>\n<!-- \/ Yoast SEO plugin. -->","yoast_head_json":{"title":"MGP4 Industrieller Standard-Gasmischer f\u00fcr Labore - The Gas Mixer","robots":{"index":"index","follow":"follow","max-snippet":"max-snippet:-1","max-image-preview":"max-image-preview:large","max-video-preview":"max-video-preview:-1"},"canonical":"https:\/\/www.thegasmixer.com\/de\/mgp4-industrieller-standard-gasmischer-fuer-labore\/","og_locale":"de_DE","og_type":"article","og_title":"MGP4 Industrieller Standard-Gasmischer f\u00fcr Labore - The Gas Mixer","og_description":"MGP4 Industrieller Standard-Gasmischer f\u00fcr Labore MGP4 ist ein Gasmischer aus der MGP-Familie f\u00fcr Labore, die eine hochpr\u00e4zise Gasmischung in ihren industriellen Prozessen ben\u00f6tigen. Der MGP4 ist ein Gasmischer aus der MGP-Familie f\u00fcr Labore, die eine hochpr\u00e4zise Gasmischung f\u00fcr ihre industriellen Prozesse ben\u00f6tigen. Er mischt bis zu 8 verschiedene Gase schnell, sicher und gleichm\u00e4\u00dfig, alles \u00fcber [&hellip;]","og_url":"https:\/\/www.thegasmixer.com\/de\/mgp4-industrieller-standard-gasmischer-fuer-labore\/","og_site_name":"The Gas Mixer","article_modified_time":"2026-05-12T07:02:34+00:00","twitter_card":"summary_large_image","twitter_misc":{"Gesch\u00e4tzte Lesezeit":"2\u00a0Minuten"},"schema":{"@context":"https:\/\/schema.org","@graph":[{"@type":"WebPage","@id":"https:\/\/www.thegasmixer.com\/de\/mgp4-industrieller-standard-gasmischer-fuer-labore\/","url":"https:\/\/www.thegasmixer.com\/de\/mgp4-industrieller-standard-gasmischer-fuer-labore\/","name":"MGP4 Industrieller Standard-Gasmischer f\u00fcr Labore - The Gas Mixer","isPartOf":{"@id":"https:\/\/www.thegasmixer.com\/de\/#website"},"datePublished":"2026-04-29T16:26:35+00:00","dateModified":"2026-05-12T07:02:34+00:00","breadcrumb":{"@id":"https:\/\/www.thegasmixer.com\/de\/mgp4-industrieller-standard-gasmischer-fuer-labore\/#breadcrumb"},"inLanguage":"de","potentialAction":[{"@type":"ReadAction","target":["https:\/\/www.thegasmixer.com\/de\/mgp4-industrieller-standard-gasmischer-fuer-labore\/"]}]},{"@type":"BreadcrumbList","@id":"https:\/\/www.thegasmixer.com\/de\/mgp4-industrieller-standard-gasmischer-fuer-labore\/#breadcrumb","itemListElement":[{"@type":"ListItem","position":1,"name":"Home","item":"https:\/\/www.thegasmixer.com\/de\/"},{"@type":"ListItem","position":2,"name":"MGP4 Industrieller Standard-Gasmischer f\u00fcr Labore"}]},{"@type":"WebSite","@id":"https:\/\/www.thegasmixer.com\/de\/#website","url":"https:\/\/www.thegasmixer.com\/de\/","name":"The Gas Mixer","description":"","potentialAction":[{"@type":"SearchAction","target":{"@type":"EntryPoint","urlTemplate":"https:\/\/www.thegasmixer.com\/de\/?s={search_term_string}"},"query-input":{"@type":"PropertyValueSpecification","valueRequired":true,"valueName":"search_term_string"}}],"inLanguage":"de"}]}},"_links":{"self":[{"href":"https:\/\/www.thegasmixer.com\/de\/wp-json\/wp\/v2\/pages\/1644","targetHints":{"allow":["GET"]}}],"collection":[{"href":"https:\/\/www.thegasmixer.com\/de\/wp-json\/wp\/v2\/pages"}],"about":[{"href":"https:\/\/www.thegasmixer.com\/de\/wp-json\/wp\/v2\/types\/page"}],"author":[{"embeddable":true,"href":"https:\/\/www.thegasmixer.com\/de\/wp-json\/wp\/v2\/users\/1"}],"replies":[{"embeddable":true,"href":"https:\/\/www.thegasmixer.com\/de\/wp-json\/wp\/v2\/comments?post=1644"}],"version-history":[{"count":1,"href":"https:\/\/www.thegasmixer.com\/de\/wp-json\/wp\/v2\/pages\/1644\/revisions"}],"predecessor-version":[{"id":1646,"href":"https:\/\/www.thegasmixer.com\/de\/wp-json\/wp\/v2\/pages\/1644\/revisions\/1646"}],"wp:attachment":[{"href":"https:\/\/www.thegasmixer.com\/de\/wp-json\/wp\/v2\/media?parent=1644"}],"curies":[{"name":"wp","href":"https:\/\/api.w.org\/{rel}","templated":true}]}}